{"id":665,"date":"2022-02-01T12:34:18","date_gmt":"2022-02-01T12:34:18","guid":{"rendered":"http:\/\/gravityworks.cursowebonline.es\/?page_id=665"},"modified":"2025-01-16T11:02:37","modified_gmt":"2025-01-16T11:02:37","slug":"serveis","status":"publish","type":"page","link":"https:\/\/gravityworks.eu\/ca\/serveis\/","title":{"rendered":"Construcci\u00f3 i ind\u00fastria"},"content":{"rendered":"<div class=\"wpb-content-wrapper\"><p>[vc_row bg_type=&#8221;image&#8221; bg_image_new=&#8221;397&#8243; bg_override=&#8221;ex-full&#8221;][vc_column]<div class=\"boc_spacing \" style=\"height: 32px\"><\/div>[vc_row_inner gap=&#8221;35&#8243;][vc_column_inner width=&#8221;1\/2&#8243; css=&#8221;.vc_custom_1616568361864{border-top-width: 1px !important;border-right-width: 1px !important;border-bottom-width: 1px !important;border-left-width: 1px !important;padding-top: 20px !important;padding-right: 20px !important;padding-bottom: 20px !important;padding-left: 20px !important;background-color: rgba(255,255,255,0.86) !important;*background-color: rgb(255,255,255) !important;border-left-color: #000000 !important;border-left-style: solid !important;border-right-color: #000000 !important;border-right-style: solid !important;border-top-color: #000000 !important;border-top-style: solid !important;border-bottom-color: #000000 !important;border-bottom-style: solid !important;border-radius: 10px !important;}&#8221;][vc_column_text]<\/p>\n<h1>GRAVITY WORKS \u2013 Proteccions col\u00b7lectives per a tota Catalunya (Girona, Barcelona, Tarragona, Lleida\u2026) 931 377 643<\/h1>\n<p>[\/vc_column_text]<a\thref=\"https:\/\/web.whatsapp.com\/send?phone=34622472869&#038;text=%C2%A1Hola!%20Me%20gustar%C3%ADa%20obtener%20m%C3%A1s%20informaci%C3%B3n%20sobre%20vuestros%20servicios.\" \n\t\t\t\tclass=\"button btn_medium btn_green btn_rounded btn_normal_style    \"  target='_blank'><span>Contacte per Whatsapp<\/span><\/a>[\/vc_column_inner][vc_column_inner width=&#8221;1\/2&#8243; css=&#8221;.vc_custom_1616568285658{border-top-width: 1px !important;border-right-width: 1px !important;border-bottom-width: 1px !important;border-left-width: 1px !important;padding-top: 20px !important;padding-right: 20px !important;padding-bottom: 20px !important;padding-left: 20px !important;background-color: rgba(255,255,255,0.86) !important;*background-color: rgb(255,255,255) !important;border-left-color: #000000 !important;border-left-style: solid !important;border-right-color: #000000 !important;border-right-style: solid !important;border-top-color: #000000 !important;border-top-style: solid !important;border-bottom-color: #000000 !important;border-bottom-style: solid !important;border-radius: 10px !important;}&#8221;][vc_column_text]<\/p>\n<h2>Formulari de contacte<\/h2>\n<p>[\/vc_column_text]\n<div class=\"wpcf7 no-js\" id=\"wpcf7-f822-o1\" lang=\"es-ES\" dir=\"ltr\" data-wpcf7-id=\"822\">\n<div class=\"screen-reader-response\"><p role=\"status\" aria-live=\"polite\" aria-atomic=\"true\"><\/p> <ul><\/ul><\/div>\n<form action=\"\/ca\/wp-json\/wp\/v2\/pages\/665#wpcf7-f822-o1\" method=\"post\" class=\"wpcf7-form init\" aria-label=\"Formulario de contacto\" novalidate=\"novalidate\" data-status=\"init\">\n<fieldset class=\"hidden-fields-container\"><input type=\"hidden\" name=\"_wpcf7\" value=\"822\" \/><input type=\"hidden\" name=\"_wpcf7_version\" value=\"6.1.5\" \/><input type=\"hidden\" name=\"_wpcf7_locale\" value=\"es_ES\" \/><input type=\"hidden\" name=\"_wpcf7_unit_tag\" value=\"wpcf7-f822-o1\" \/><input type=\"hidden\" name=\"_wpcf7_container_post\" value=\"0\" \/><input type=\"hidden\" name=\"_wpcf7_posted_data_hash\" value=\"\" \/><input type=\"hidden\" name=\"_wpcf7_recaptcha_response\" value=\"\" \/>\n<\/fieldset>\n<p><label> Nom<br \/>\n<span class=\"wpcf7-form-control-wrap\" data-name=\"your-name\"><input size=\"40\" maxlength=\"400\" class=\"wpcf7-form-control wpcf7-text wpcf7-validates-as-required\" aria-required=\"true\" aria-invalid=\"false\" value=\"\" type=\"text\" name=\"your-name\" \/><\/span> <\/label>\n<\/p>\n<p><label> Correu electr\u00f2nic<br \/>\n<span class=\"wpcf7-form-control-wrap\" data-name=\"your-email\"><input size=\"40\" maxlength=\"400\" class=\"wpcf7-form-control wpcf7-email wpcf7-validates-as-required wpcf7-text wpcf7-validates-as-email\" aria-required=\"true\" aria-invalid=\"false\" value=\"\" type=\"email\" name=\"your-email\" \/><\/span> <\/label>\n<\/p>\n<p><label> Tel\u00e8fon<br \/>\n<span class=\"wpcf7-form-control-wrap\" data-name=\"tel-416\"><input size=\"40\" maxlength=\"400\" class=\"wpcf7-form-control wpcf7-tel wpcf7-validates-as-required wpcf7-text wpcf7-validates-as-tel\" aria-required=\"true\" aria-invalid=\"false\" value=\"\" type=\"tel\" name=\"tel-416\" \/><\/span><br \/>\n<\/label>\n<\/p>\n<p><label> Missatge<br \/>\n<span class=\"wpcf7-form-control-wrap\" data-name=\"your-message\"><textarea cols=\"40\" rows=\"10\" maxlength=\"2000\" class=\"wpcf7-form-control wpcf7-textarea\" aria-invalid=\"false\" name=\"your-message\"><\/textarea><\/span> <\/label>\n<\/p>\n<span class=\"wpcf7-form-control-wrap recaptcha\" data-name=\"recaptcha\"><span data-sitekey=\"6Ldg140gAAAAAM86VR8_9OFI2637HC1G8EuK1ffN\" class=\"wpcf7-form-control wpcf7-recaptcha g-recaptcha\"><\/span>\r\n<noscript>\r\n\t<div class=\"grecaptcha-noscript\">\r\n\t\t<iframe loading=\"lazy\" src=\"https:\/\/www.google.com\/recaptcha\/api\/fallback?k=6Ldg140gAAAAAM86VR8_9OFI2637HC1G8EuK1ffN\" frameborder=\"0\" scrolling=\"no\" width=\"310\" height=\"430\">\r\n\t\t<\/iframe>\r\n\t\t<textarea name=\"g-recaptcha-response\" rows=\"3\" cols=\"40\" placeholder=\"Aqu\u00ed la respuesta de reCAPTCHA\">\r\n\t\t<\/textarea>\r\n\t<\/div>\r\n<\/noscript>\r\n<\/span>\n<p><span class=\"wpcf7-form-control-wrap\" data-name=\"checkbox-543\"><span class=\"wpcf7-form-control wpcf7-checkbox wpcf7-validates-as-required\"><span class=\"wpcf7-list-item first last\"><input type=\"checkbox\" name=\"checkbox-543[]\" value=\"He llegit i accepto l&#039;\" \/><span class=\"wpcf7-list-item-label\">He llegit i accepto l&#039;<\/span><\/span><\/span><\/span><a href=\"\/aviso-legal\/\">av\u00eds legal.<\/a>\n<\/p>\n<p><span class=\"wpcf7-form-control-wrap\" data-name=\"checkbox-5432\"><span class=\"wpcf7-form-control wpcf7-checkbox wpcf7-validates-as-required\"><span class=\"wpcf7-list-item first last\"><input type=\"checkbox\" name=\"checkbox-5432[]\" value=\"Accepto l&#039;enviament d&#039;informaci\u00f3.\" \/><span class=\"wpcf7-list-item-label\">Accepto l&#039;enviament d&#039;informaci\u00f3.<\/span><\/span><\/span><\/span>\n<\/p>\n<p><input class=\"wpcf7-form-control wpcf7-submit has-spinner\" type=\"submit\" value=\"Enviar\" \/>\n<\/p><div class=\"wpcf7-response-output\" aria-hidden=\"true\"><\/div>\n<\/form>\n<\/div>\n[\/vc_column_inner][\/vc_row_inner]<div class=\"boc_spacing \" style=\"height: 32px\"><\/div>[\/vc_column][\/vc_row][vc_row][vc_column]<div class=\"boc_spacing \" style=\"height: 52px\"><\/div><div class=\"grid_holder mfp_gallery  big_spacing\" id=\"img_gallery_bd397be6b3c052a2c76a7a28058173c0\"><div class=\"col span_1_of_3 info_item isotope_element\">\n\t\t\t\t\t\t\t<div class=\"pic  img_hover_effect2\">\t\t\t\n\t\t\t\t\t\t\t<a href=\"https:\/\/gravityworks.eu\/wp-content\/uploads\/2021\/08\/servicios-gravityworks-trabajos-verticales-protecciones-colectivas.jpg\" class=\"mfp_popup_gal\" title=\"\">\n\t\t\t\t\t\t\t\t<img decoding=\"async\" src=\"https:\/\/gravityworks.eu\/wp-content\/uploads\/2021\/08\/servicios-gravityworks-trabajos-verticales-protecciones-colectivas-480x380.jpg\" alt=\"\" \/>\n\t\t\t\t\t\t\t\t\n\t\t\t\t\t\t\t<\/a>\t<\/div><\/div><div class=\"col span_1_of_3 info_item isotope_element\">\n\t\t\t\t\t\t\t<div class=\"pic  img_hover_effect2\">\t\t\t\n\t\t\t\t\t\t\t<a href=\"https:\/\/gravityworks.eu\/wp-content\/uploads\/2021\/08\/protecciones-trabajos-en-alturas-barcelona-sabadell-girona-lleida-terrassa-tarragona.jpg\" class=\"mfp_popup_gal\" title=\"\">\n\t\t\t\t\t\t\t\t<img decoding=\"async\" src=\"https:\/\/gravityworks.eu\/wp-content\/uploads\/2021\/08\/protecciones-trabajos-en-alturas-barcelona-sabadell-girona-lleida-terrassa-tarragona-480x380.jpg\" alt=\"\" \/>\n\t\t\t\t\t\t\t\t\n\t\t\t\t\t\t\t<\/a>\t<\/div><\/div><div class=\"col span_1_of_3 info_item isotope_element\">\n\t\t\t\t\t\t\t<div class=\"pic  img_hover_effect2\">\t\t\t\n\t\t\t\t\t\t\t<a href=\"https:\/\/gravityworks.eu\/wp-content\/uploads\/2021\/08\/protecciones-edificacion-obra-civil-sabadell-terrassa-lleida-barcelona-girona.jpg\" class=\"mfp_popup_gal\" title=\"\">\n\t\t\t\t\t\t\t\t<img decoding=\"async\" src=\"https:\/\/gravityworks.eu\/wp-content\/uploads\/2021\/08\/protecciones-edificacion-obra-civil-sabadell-terrassa-lleida-barcelona-girona-481x380.jpg\" alt=\"\" \/>\n\t\t\t\t\t\t\t\t\n\t\t\t\t\t\t\t<\/a>\t<\/div><\/div><\/div>[vc_column_text]<\/p>\n<p style=\"text-align: justify;\">Gravity Works \u00e9s una empresa dedicada a la protecci\u00f3 i a la seguretat, en qualsevol projecte d&#8217;obra o reforma, amb la vital tasca de protegir les vides de les persones que es veuen immiscides en ella. Tractant de reduir el nombre d&#8217;accidents que se succeeixen moltes vegades al voltant de construccions, gr\u00e0cies als nostres professionals amb m\u00e9s de 20 anys d&#8217;experi\u00e8ncia, hem aconseguit erigir aquesta organitzaci\u00f3 per a continuar vetllant per aquest preuat valor \u00fanic, la vida, al qual moltes vegades no es presta la deguda atenci\u00f3. Per a aix\u00f2, us oferim tot tipus de serveis en protecci\u00f3 d&#8217;obres i senyalitzaci\u00f3 de qualitat. Perqu\u00e8 no hi ha b\u00e9 m\u00e9s important que sentir-se realitzat per haver fet una bona feina que, a m\u00e9s, adorem.<\/p>\n<p>[\/vc_column_text]<div class=\"boc_spacing \" style=\"height: 32px\"><\/div>[vc_column_text]<\/p>\n<h2><a href=\"\/ca\/serveis\/treballs-verticals\/\"><strong>Treballs verticals<\/strong><\/a><\/h2>\n<hr \/>\n<p style=\"text-align: justify;\">Per a la protecci\u00f3 de tota obra, en Gravity Works volem assegurar-vos la qualitat d&#8217;un servei professional i meticul\u00f3s per part de tots els t\u00e8cnics i operaris experts en treballs verticals. La seguretat \u00e9s, abans de res, la m\u00e0xima \u00fanica que volem aconseguir i vetllar per integrar les mesures necess\u00e0ries que la garanteixin i els equips corresponents amb tota la confian\u00e7a d&#8217;aut\u00e8ntics professionals dels treballs verticals. Som experts en aix\u00f2 i, a m\u00e9s, ens encanta el nostre treball, que requereix de professionalitat, formaci\u00f3 i responsabilitat per a fer-ho. Si encara busqueu aquesta empresa que gestioni la protecci\u00f3 i la seguretat mitjan\u00e7ant l&#8217;especialitzaci\u00f3 i davant la necessitat de fer els meritoris treballs verticals, Gravity Works \u00e9s la vostra elecci\u00f3 encertada.<\/p>\n<p>&nbsp;<\/p>\n<h2><a href=\"\/ca\/serveis\/proteccio-en-edificacions\/\"><strong>Protecci\u00f3 en edificaci\u00f3<\/strong><\/a><\/h2>\n<hr \/>\n<p style=\"text-align: justify;\">Un dels serveis que desenvolupem amb gran \u00edmpetu a Gravity Works \u00e9s el de la protecci\u00f3 per a la seguretat en qualsevol edificaci\u00f3. Per a la tranquil\u00b7litat dels vostres treballadors, aix\u00ed com de tota persona que pugui veure&#8217;s immiscida en ella, a Gravity Works us oferim un treball de qualitat, gr\u00e0cies als nostres professionals especialitzats en el desenvolupament de treballs verticals, que compten, a m\u00e9s, amb tota la formaci\u00f3 i un aprenentatge constant en aquest canviant m\u00f3n.<\/p>\n<p>&nbsp;<\/p>\n<h2><a href=\"\/ca\/serveis\/obra-industrial\/\"><strong>Obra industrial<\/strong><\/a><\/h2>\n<hr \/>\n<p style=\"text-align: justify;\">Quan fem refer\u00e8ncia a la seguretat, hem de tenir present que \u00e9s necessari i essencial garantir la protecci\u00f3 i la seguretat de tota edificaci\u00f3, sigui aquesta del car\u00e0cter que sigui: dom\u00e8stica, obra industrial\u2026 per a garantir el seu degut desenvolupament i finalitzaci\u00f3. I per a la protecci\u00f3 i seguretat de tota obra industrial, Gravity Works i el nostre servei per a aquesta mena de clients tan present en la nostra societat.<\/p>\n<p>&nbsp;<\/p>\n<h2><a href=\"\/ca\/serveis\/seguretat-en-obra-civil\/\"><strong>Seguretat en obra civil<\/strong><\/a><\/h2>\n<hr \/>\n<p style=\"text-align: justify;\">La protecci\u00f3 i seguretat en qualsevol obra civil \u00e9s de gran import\u00e0ncia. M\u00e9s enll\u00e0 de la protecci\u00f3 en edificacions espec\u00edfiques, cal destacar que tota obra mereix i necessita de les degudes mesures de seguretat que garanteixin aquesta protecci\u00f3. L\u00ednies de vida, xarxes perimetrals, senyalitzaci\u00f3 i abalisament\u2026 Qualsevol gest ens sembla insuficient i millorable per a la protecci\u00f3 de qualsevol obra civil. Si necessiteu d&#8217;un servei de qualitat per a salvaguardar la vida dels vostres treballadors, no inc\u00f3rrer en l&#8217;incompliment de les normes que regeixen el desenvolupament de tota construcci\u00f3 i exercir la vostra activitat amb total tranquil\u00b7litat, gr\u00e0cies a una empresa de confian\u00e7a professional, Gravity Works.<\/p>\n<p>&nbsp;<\/p>\n<h2><a href=\"\/ca\/serveis\/obres-de-rehabilitacio\/\"><strong>Obres de rehabilitaci\u00f3<\/strong><\/a><\/h2>\n<hr \/>\n<p style=\"text-align: justify;\">Gravity Works som una empresa especialitzada en la protecci\u00f3 de tota mena d&#8217;obra civil i obra industrial en seguretat ja sigui a l&#8217;hora de construir-la, reformar-la o rehabilitar-la. L&#8217;empresa compta amb 7 anys d&#8217;experi\u00e8ncia en el sector i compta amb professionals experts i especialitzats en el sector que compten amb m\u00e9s de 20 anys de traject\u00f2ria, en l&#8217;\u00e0mbit de la protecci\u00f3 i de la seguretat. A l&#8217;hora de realitzar una obra o una reforma, la protecci\u00f3 i la seguretat s\u00f3n dos dels factors m\u00e9s importants i essencials. Aquests dos factors fan refer\u00e8ncia a la prevenci\u00f3 d&#8217;accidents i sobretot si parlem de la vida pr\u00f2pia dels treballadors, que han d&#8217;assumir el risc durant el seu treball i que pot evitar-se i prevenir-se si es protegeix com cal.<\/p>\n<p>[\/vc_column_text][\/vc_column][\/vc_row][vc_row][vc_column]<div class=\"boc_spacing \" style=\"height: 35px\"><\/div>[\/vc_column][\/vc_row]<\/p>\n<\/div>","protected":false},"excerpt":{"rendered":"<p>[vc_row bg_type=&#8221;image&#8221; bg_image_new=&#8221;397&#8243; bg_override=&#8221;ex-full&#8221;][vc_column][vc_row_inner gap=&#8221;35&#8243;][vc_column_inner width=&#8221;1\/2&#8243; css=&#8221;.vc_custom_1616568361864{border-top-width: 1px !important;border-right-width: 1px !important;border-bottom-width: 1px !important;border-left-width: 1px !important;padding-top: 20px !important;padding-right: 20px !important;padding-bottom: 20px !important;padding-left: 20px !important;background-color: rgba(255,255,255,0.86) !important;*background-color: rgb(255,255,255) !important;border-left-color: #000000 !important;border-left-style: solid !important;border-right-color: #000000 !important;border-right-style: solid !important;border-top-color: #000000 !important;border-top-style: solid !important;border-bottom-color: #000000 !important;border-bottom-style: solid !important;border-radius: 10px !important;}&#8221;][vc_column_text] GRAVITY WORKS \u2013 Proteccions col\u00b7lectives per a tota Catalunya (Girona, Barcelona, Tarragona, Lleida\u2026) 931 377<\/p>\n<div class=\"h10\"><\/div>\n<p><a class=\"more-link1\" href=\"https:\/\/gravityworks.eu\/ca\/serveis\/\">Read more<\/a><\/p>\n","protected":false},"author":1,"featured_media":0,"parent":0,"menu_order":0,"comment_status":"closed","ping_status":"closed","template":"","meta":{"footnotes":""},"class_list":["post-665","page","type-page","status-publish","hentry"],"yoast_head":"<!-- This site is optimized with the Yoast SEO plugin v27.0 - https:\/\/yoast.com\/product\/yoast-seo-wordpress\/ -->\n<title>Construcci\u00f3 i ind\u00fastria - GRAVITY WORKS: PROTECCIONES COLECTIVAS<\/title>\n<meta name=\"robots\" content=\"index, follow, max-snippet:-1, max-image-preview:large, max-video-preview:-1\" \/>\n<link rel=\"canonical\" href=\"https:\/\/gravityworks.eu\/ca\/serveis\/\" \/>\n<meta property=\"og:locale\" content=\"ca_ES\" \/>\n<meta property=\"og:type\" content=\"article\" \/>\n<meta property=\"og:title\" content=\"Construcci\u00f3 i ind\u00fastria - GRAVITY WORKS: PROTECCIONES COLECTIVAS\" \/>\n<meta property=\"og:description\" content=\"[vc_row bg_type=&#8221;image&#8221; bg_image_new=&#8221;397&#8243; bg_override=&#8221;ex-full&#8221;][vc_column][vc_row_inner gap=&#8221;35&#8243;][vc_column_inner width=&#8221;1\/2&#8243; css=&#8221;.vc_custom_1616568361864{border-top-width: 1px !important;border-right-width: 1px !important;border-bottom-width: 1px !important;border-left-width: 1px !important;padding-top: 20px !important;padding-right: 20px !important;padding-bottom: 20px !important;padding-left: 20px !important;background-color: rgba(255,255,255,0.86) !important;*background-color: rgb(255,255,255) !important;border-left-color: #000000 !important;border-left-style: solid !important;border-right-color: #000000 !important;border-right-style: solid !important;border-top-color: #000000 !important;border-top-style: solid !important;border-bottom-color: #000000 !important;border-bottom-style: solid !important;border-radius: 10px !important;}&#8221;][vc_column_text] GRAVITY WORKS \u2013 Proteccions col\u00b7lectives per a tota Catalunya (Girona, Barcelona, Tarragona, Lleida\u2026) 931 377Read more\" \/>\n<meta property=\"og:url\" content=\"https:\/\/gravityworks.eu\/ca\/serveis\/\" \/>\n<meta property=\"og:site_name\" content=\"GRAVITY WORKS: PROTECCIONES COLECTIVAS\" \/>\n<meta property=\"article:modified_time\" content=\"2025-01-16T11:02:37+00:00\" \/>\n<meta name=\"twitter:card\" content=\"summary_large_image\" \/>\n<meta name=\"twitter:label1\" content=\"Temps estimat de lectura\" \/>\n\t<meta name=\"twitter:data1\" content=\"5 minuts\" \/>\n<script type=\"application\/ld+json\" class=\"yoast-schema-graph\">{\"@context\":\"https:\/\/schema.org\",\"@graph\":[{\"@type\":\"WebPage\",\"@id\":\"https:\/\/gravityworks.eu\/ca\/serveis\/\",\"url\":\"https:\/\/gravityworks.eu\/ca\/serveis\/\",\"name\":\"Construcci\u00f3 i ind\u00fastria - GRAVITY WORKS: PROTECCIONES COLECTIVAS\",\"isPartOf\":{\"@id\":\"https:\/\/gravityworks.eu\/#website\"},\"datePublished\":\"2022-02-01T12:34:18+00:00\",\"dateModified\":\"2025-01-16T11:02:37+00:00\",\"breadcrumb\":{\"@id\":\"https:\/\/gravityworks.eu\/ca\/serveis\/#breadcrumb\"},\"inLanguage\":\"ca\",\"potentialAction\":[{\"@type\":\"ReadAction\",\"target\":[\"https:\/\/gravityworks.eu\/ca\/serveis\/\"]}]},{\"@type\":\"BreadcrumbList\",\"@id\":\"https:\/\/gravityworks.eu\/ca\/serveis\/#breadcrumb\",\"itemListElement\":[{\"@type\":\"ListItem\",\"position\":1,\"name\":\"Portada\",\"item\":\"https:\/\/gravityworks.eu\/ca\/\"},{\"@type\":\"ListItem\",\"position\":2,\"name\":\"Construcci\u00f3 i ind\u00fastria\"}]},{\"@type\":\"WebSite\",\"@id\":\"https:\/\/gravityworks.eu\/#website\",\"url\":\"https:\/\/gravityworks.eu\/\",\"name\":\"GRAVITY WORKS: PROTECCIONES COLECTIVAS\",\"description\":\"Instalaci\u00f3n de redes, protecciones colectivas, trabajos en alturas, redes deportivas, se\u00f1alizaci\u00f3n y balizamiento...\",\"potentialAction\":[{\"@type\":\"SearchAction\",\"target\":{\"@type\":\"EntryPoint\",\"urlTemplate\":\"https:\/\/gravityworks.eu\/?s={search_term_string}\"},\"query-input\":{\"@type\":\"PropertyValueSpecification\",\"valueRequired\":true,\"valueName\":\"search_term_string\"}}],\"inLanguage\":\"ca\"}]}<\/script>\n<!-- \/ Yoast SEO plugin. -->","yoast_head_json":{"title":"Construcci\u00f3 i ind\u00fastria - GRAVITY WORKS: PROTECCIONES COLECTIVAS","robots":{"index":"index","follow":"follow","max-snippet":"max-snippet:-1","max-image-preview":"max-image-preview:large","max-video-preview":"max-video-preview:-1"},"canonical":"https:\/\/gravityworks.eu\/ca\/serveis\/","og_locale":"ca_ES","og_type":"article","og_title":"Construcci\u00f3 i ind\u00fastria - GRAVITY WORKS: PROTECCIONES COLECTIVAS","og_description":"[vc_row bg_type=&#8221;image&#8221; bg_image_new=&#8221;397&#8243; bg_override=&#8221;ex-full&#8221;][vc_column][vc_row_inner gap=&#8221;35&#8243;][vc_column_inner width=&#8221;1\/2&#8243; css=&#8221;.vc_custom_1616568361864{border-top-width: 1px !important;border-right-width: 1px !important;border-bottom-width: 1px !important;border-left-width: 1px !important;padding-top: 20px !important;padding-right: 20px !important;padding-bottom: 20px !important;padding-left: 20px !important;background-color: rgba(255,255,255,0.86) !important;*background-color: rgb(255,255,255) !important;border-left-color: #000000 !important;border-left-style: solid !important;border-right-color: #000000 !important;border-right-style: solid !important;border-top-color: #000000 !important;border-top-style: solid !important;border-bottom-color: #000000 !important;border-bottom-style: solid !important;border-radius: 10px !important;}&#8221;][vc_column_text] GRAVITY WORKS \u2013 Proteccions col\u00b7lectives per a tota Catalunya (Girona, Barcelona, Tarragona, Lleida\u2026) 931 377Read more","og_url":"https:\/\/gravityworks.eu\/ca\/serveis\/","og_site_name":"GRAVITY WORKS: PROTECCIONES COLECTIVAS","article_modified_time":"2025-01-16T11:02:37+00:00","twitter_card":"summary_large_image","twitter_misc":{"Temps estimat de lectura":"5 minuts"},"schema":{"@context":"https:\/\/schema.org","@graph":[{"@type":"WebPage","@id":"https:\/\/gravityworks.eu\/ca\/serveis\/","url":"https:\/\/gravityworks.eu\/ca\/serveis\/","name":"Construcci\u00f3 i ind\u00fastria - GRAVITY WORKS: PROTECCIONES COLECTIVAS","isPartOf":{"@id":"https:\/\/gravityworks.eu\/#website"},"datePublished":"2022-02-01T12:34:18+00:00","dateModified":"2025-01-16T11:02:37+00:00","breadcrumb":{"@id":"https:\/\/gravityworks.eu\/ca\/serveis\/#breadcrumb"},"inLanguage":"ca","potentialAction":[{"@type":"ReadAction","target":["https:\/\/gravityworks.eu\/ca\/serveis\/"]}]},{"@type":"BreadcrumbList","@id":"https:\/\/gravityworks.eu\/ca\/serveis\/#breadcrumb","itemListElement":[{"@type":"ListItem","position":1,"name":"Portada","item":"https:\/\/gravityworks.eu\/ca\/"},{"@type":"ListItem","position":2,"name":"Construcci\u00f3 i ind\u00fastria"}]},{"@type":"WebSite","@id":"https:\/\/gravityworks.eu\/#website","url":"https:\/\/gravityworks.eu\/","name":"GRAVITY WORKS: PROTECCIONES COLECTIVAS","description":"Instalaci\u00f3n de redes, protecciones colectivas, trabajos en alturas, redes deportivas, se\u00f1alizaci\u00f3n y balizamiento...","potentialAction":[{"@type":"SearchAction","target":{"@type":"EntryPoint","urlTemplate":"https:\/\/gravityworks.eu\/?s={search_term_string}"},"query-input":{"@type":"PropertyValueSpecification","valueRequired":true,"valueName":"search_term_string"}}],"inLanguage":"ca"}]}},"_links":{"self":[{"href":"https:\/\/gravityworks.eu\/ca\/wp-json\/wp\/v2\/pages\/665","targetHints":{"allow":["GET"]}}],"collection":[{"href":"https:\/\/gravityworks.eu\/ca\/wp-json\/wp\/v2\/pages"}],"about":[{"href":"https:\/\/gravityworks.eu\/ca\/wp-json\/wp\/v2\/types\/page"}],"author":[{"embeddable":true,"href":"https:\/\/gravityworks.eu\/ca\/wp-json\/wp\/v2\/users\/1"}],"replies":[{"embeddable":true,"href":"https:\/\/gravityworks.eu\/ca\/wp-json\/wp\/v2\/comments?post=665"}],"version-history":[{"count":9,"href":"https:\/\/gravityworks.eu\/ca\/wp-json\/wp\/v2\/pages\/665\/revisions"}],"predecessor-version":[{"id":1407,"href":"https:\/\/gravityworks.eu\/ca\/wp-json\/wp\/v2\/pages\/665\/revisions\/1407"}],"wp:attachment":[{"href":"https:\/\/gravityworks.eu\/ca\/wp-json\/wp\/v2\/media?parent=665"}],"curies":[{"name":"wp","href":"https:\/\/api.w.org\/{rel}","templated":true}]}}