{"id":682,"date":"2022-02-02T10:52:31","date_gmt":"2022-02-02T10:52:31","guid":{"rendered":"http:\/\/gravityworks.cursowebonline.es\/?page_id=682"},"modified":"2022-02-02T12:27:36","modified_gmt":"2022-02-02T12:27:36","slug":"obra-industrial","status":"publish","type":"page","link":"https:\/\/gravityworks.eu\/ca\/serveis\/obra-industrial\/","title":{"rendered":"Obra industrial"},"content":{"rendered":"<div class=\"wpb-content-wrapper\"><p>[vc_row bg_type=&#8221;image&#8221; bg_image_new=&#8221;391&#8243; bg_override=&#8221;ex-full&#8221;][vc_column]<div class=\"boc_spacing \" style=\"height: 32px\"><\/div>[vc_row_inner gap=&#8221;35&#8243;][vc_column_inner width=&#8221;1\/2&#8243; css=&#8221;.vc_custom_1616568361864{border-top-width: 1px !important;border-right-width: 1px !important;border-bottom-width: 1px !important;border-left-width: 1px !important;padding-top: 20px !important;padding-right: 20px !important;padding-bottom: 20px !important;padding-left: 20px !important;background-color: rgba(255,255,255,0.86) !important;*background-color: rgb(255,255,255) !important;border-left-color: #000000 !important;border-left-style: solid !important;border-right-color: #000000 !important;border-right-style: solid !important;border-top-color: #000000 !important;border-top-style: solid !important;border-bottom-color: #000000 !important;border-bottom-style: solid !important;border-radius: 10px !important;}&#8221;][vc_column_text]<\/p>\n<h1>Obra industrial<\/h1>\n<h2>GRAVITY WORKS \u2013 Proteccions col\u00b7lectives per a tota Catalunya (Girona, Barcelona, Tarragona, Lleida\u2026) 93 712 6745<\/h2>\n<p>[\/vc_column_text]<a\thref=\"https:\/\/web.whatsapp.com\/send?phone=34622472869&#038;text=%C2%A1Hola!%20Me%20gustar%C3%ADa%20obtener%20m%C3%A1s%20informaci%C3%B3n%20sobre%20vuestros%20servicios.\" \n\t\t\t\tclass=\"button btn_medium btn_green btn_rounded btn_normal_style    \"  target='_blank'><span>Contacte per Whatsapp<\/span><\/a>[\/vc_column_inner][vc_column_inner width=&#8221;1\/2&#8243; css=&#8221;.vc_custom_1616568285658{border-top-width: 1px !important;border-right-width: 1px !important;border-bottom-width: 1px !important;border-left-width: 1px !important;padding-top: 20px !important;padding-right: 20px !important;padding-bottom: 20px !important;padding-left: 20px !important;background-color: rgba(255,255,255,0.86) !important;*background-color: rgb(255,255,255) !important;border-left-color: #000000 !important;border-left-style: solid !important;border-right-color: #000000 !important;border-right-style: solid !important;border-top-color: #000000 !important;border-top-style: solid !important;border-bottom-color: #000000 !important;border-bottom-style: solid !important;border-radius: 10px !important;}&#8221;][vc_column_text]<\/p>\n<h2>Formulari de contacte<\/h2>\n<p>[\/vc_column_text]\n<div class=\"wpcf7 no-js\" id=\"wpcf7-f822-o1\" lang=\"es-ES\" dir=\"ltr\" data-wpcf7-id=\"822\">\n<div class=\"screen-reader-response\"><p role=\"status\" aria-live=\"polite\" aria-atomic=\"true\"><\/p> <ul><\/ul><\/div>\n<form action=\"\/ca\/wp-json\/wp\/v2\/pages\/682#wpcf7-f822-o1\" method=\"post\" class=\"wpcf7-form init\" aria-label=\"Formulario de contacto\" novalidate=\"novalidate\" data-status=\"init\">\n<fieldset class=\"hidden-fields-container\"><input type=\"hidden\" name=\"_wpcf7\" value=\"822\" \/><input type=\"hidden\" name=\"_wpcf7_version\" value=\"6.1.5\" \/><input type=\"hidden\" name=\"_wpcf7_locale\" value=\"es_ES\" \/><input type=\"hidden\" name=\"_wpcf7_unit_tag\" value=\"wpcf7-f822-o1\" \/><input type=\"hidden\" name=\"_wpcf7_container_post\" value=\"0\" \/><input type=\"hidden\" name=\"_wpcf7_posted_data_hash\" value=\"\" \/><input type=\"hidden\" name=\"_wpcf7_recaptcha_response\" value=\"\" \/>\n<\/fieldset>\n<p><label> Nom<br \/>\n<span class=\"wpcf7-form-control-wrap\" data-name=\"your-name\"><input size=\"40\" maxlength=\"400\" class=\"wpcf7-form-control wpcf7-text wpcf7-validates-as-required\" aria-required=\"true\" aria-invalid=\"false\" value=\"\" type=\"text\" name=\"your-name\" \/><\/span> <\/label>\n<\/p>\n<p><label> Correu electr\u00f2nic<br \/>\n<span class=\"wpcf7-form-control-wrap\" data-name=\"your-email\"><input size=\"40\" maxlength=\"400\" class=\"wpcf7-form-control wpcf7-email wpcf7-validates-as-required wpcf7-text wpcf7-validates-as-email\" aria-required=\"true\" aria-invalid=\"false\" value=\"\" type=\"email\" name=\"your-email\" \/><\/span> <\/label>\n<\/p>\n<p><label> Tel\u00e8fon<br \/>\n<span class=\"wpcf7-form-control-wrap\" data-name=\"tel-416\"><input size=\"40\" maxlength=\"400\" class=\"wpcf7-form-control wpcf7-tel wpcf7-validates-as-required wpcf7-text wpcf7-validates-as-tel\" aria-required=\"true\" aria-invalid=\"false\" value=\"\" type=\"tel\" name=\"tel-416\" \/><\/span><br \/>\n<\/label>\n<\/p>\n<p><label> Missatge<br \/>\n<span class=\"wpcf7-form-control-wrap\" data-name=\"your-message\"><textarea cols=\"40\" rows=\"10\" maxlength=\"2000\" class=\"wpcf7-form-control wpcf7-textarea\" aria-invalid=\"false\" name=\"your-message\"><\/textarea><\/span> <\/label>\n<\/p>\n<span class=\"wpcf7-form-control-wrap recaptcha\" data-name=\"recaptcha\"><span data-sitekey=\"6Ldg140gAAAAAM86VR8_9OFI2637HC1G8EuK1ffN\" class=\"wpcf7-form-control wpcf7-recaptcha g-recaptcha\"><\/span>\r\n<noscript>\r\n\t<div class=\"grecaptcha-noscript\">\r\n\t\t<iframe loading=\"lazy\" src=\"https:\/\/www.google.com\/recaptcha\/api\/fallback?k=6Ldg140gAAAAAM86VR8_9OFI2637HC1G8EuK1ffN\" frameborder=\"0\" scrolling=\"no\" width=\"310\" height=\"430\">\r\n\t\t<\/iframe>\r\n\t\t<textarea name=\"g-recaptcha-response\" rows=\"3\" cols=\"40\" placeholder=\"Aqu\u00ed la respuesta de reCAPTCHA\">\r\n\t\t<\/textarea>\r\n\t<\/div>\r\n<\/noscript>\r\n<\/span>\n<p><span class=\"wpcf7-form-control-wrap\" data-name=\"checkbox-543\"><span class=\"wpcf7-form-control wpcf7-checkbox wpcf7-validates-as-required\"><span class=\"wpcf7-list-item first last\"><input type=\"checkbox\" name=\"checkbox-543[]\" value=\"He llegit i accepto l&#039;\" \/><span class=\"wpcf7-list-item-label\">He llegit i accepto l&#039;<\/span><\/span><\/span><\/span><a href=\"\/aviso-legal\/\">av\u00eds legal.<\/a>\n<\/p>\n<p><span class=\"wpcf7-form-control-wrap\" data-name=\"checkbox-5432\"><span class=\"wpcf7-form-control wpcf7-checkbox wpcf7-validates-as-required\"><span class=\"wpcf7-list-item first last\"><input type=\"checkbox\" name=\"checkbox-5432[]\" value=\"Accepto l&#039;enviament d&#039;informaci\u00f3.\" \/><span class=\"wpcf7-list-item-label\">Accepto l&#039;enviament d&#039;informaci\u00f3.<\/span><\/span><\/span><\/span>\n<\/p>\n<p><input class=\"wpcf7-form-control wpcf7-submit has-spinner\" type=\"submit\" value=\"Enviar\" \/>\n<\/p><div class=\"wpcf7-response-output\" aria-hidden=\"true\"><\/div>\n<\/form>\n<\/div>\n[\/vc_column_inner][\/vc_row_inner]<div class=\"boc_spacing \" style=\"height: 32px\"><\/div>[\/vc_column][\/vc_row][vc_row][vc_column]<div class=\"boc_spacing \" style=\"height: 32px\"><\/div>[vc_column_text]<\/p>\n<p style=\"text-align: justify;\"><strong><img loading=\"lazy\" decoding=\"async\" class=\" wp-image-64 alignleft\" src=\"\/wp-content\/uploads\/2021\/10\/Obra-Industrial.jpg\" alt=\"\" width=\"219\" height=\"388\" \/><\/strong><\/p>\n<p style=\"text-align: justify;\">Quan fem refer\u00e8ncia a la seguretat, hem de tenir present que \u00e9s necessari i essencial garantir la protecci\u00f3 i la seguretat de tota edificaci\u00f3, sigui aquesta del car\u00e0cter que sigui: dom\u00e8stica, obra industrial\u2026 per a garantir el seu degut desenvolupament i finalitzaci\u00f3.<\/p>\n<p style=\"text-align: justify;\">I per a la protecci\u00f3 i seguretat de tota obra industrial,\u00a0<strong>Gravity\u00a0Works<\/strong>\u00a0i el nostre servei per a aquesta mena de clients tan present en la nostra societat.<\/p>\n<p style=\"text-align: justify;\"><strong>Gravity Works<\/strong>, \u00e9s una empresa especialitzada en la protecci\u00f3 de qualsevol mena d&#8217;obra civil i obra <strong>industrial en seguretat<\/strong>, sigui aquesta per a la seva construcci\u00f3, reforma o rehabilitaci\u00f3; nascuda el 2014 i integrada per professionals amb m\u00e9s de 20 anys de traject\u00f2ria en el sector de la <strong>protecci\u00f3<\/strong> i la seguretat, provinents d&#8217;una de les empreses pioneres del pa\u00eds.<\/p>\n<p style=\"text-align: justify;\">La protecci\u00f3 i la<strong> seguretat<\/strong> en qualsevol obra s\u00f3n transcendentals per a garantir la integritat, fins i tot parlar\u00edem de la pr\u00f2pia vida, de les persones que treballen en ella, o que per algun motiu es veuen immiscides en el seu desenvolupament. Alguna cosa que, moltes vegades, no es t\u00e9 en mesura compta.<\/p>\n<p style=\"text-align: justify;\">En obra industrial, per a la <strong>protecci\u00f3<\/strong> i garanties de <strong>seguretat<\/strong>, des de <strong>Gravity Works<\/strong> volem garantir-vos, amb total confian\u00e7a, la qualitat del nostre treball i la professionalitat de tots els operaris, t\u00e8cnics i experts en el desenvolupament de treballs verticals, que integren el nostre equip hum\u00e0. Passi\u00f3 i vocaci\u00f3 sustenten la tasca que exercim i, l\u00f2gicament, el comprom\u00eds i la responsabilitat per fer el nostre treball com cal, converteixen la filosofia de <strong>Gravity Works<\/strong> en la millor empresa per a confiar la protecci\u00f3 i seguretat de qualsevol projecte d&#8217;obra industrial.<\/p>\n<p style=\"text-align: justify;\">La nostra capacitat d&#8217;adaptaci\u00f3, la r\u00e0pida resposta i la facilitat per a resoldre qualsevol inconvenient, han fet que *Gravity *Works sigui tot un referent nacional en protecci\u00f3 i seguretat per a obres, reformes i rehabilitacions de tota mena. La finalitat de la nostra empresa no \u00e9s una altra que salvar vides i evitar accidents. Amb la deguda protecci\u00f3 en les vostres obres industrials, sota l&#8217;atenci\u00f3 i valors com el comprom\u00eds, la serietat, la responsabilitat o el rigor i la qualitat en aquesta activitat que desenvolupem, gaudireu de tot el necessari per a complir amb la normativa establerta i gaudir del resultat final que sempre hav\u00edeu volgut.<\/p>\n<p>&nbsp;<\/p>\n<p><strong><img loading=\"lazy\" decoding=\"async\" class=\"wp-image-65 alignright\" src=\"\/wp-content\/uploads\/2021\/10\/Red-horizontal-y-perimetral-en-Nave-de-hormigon-pre-fabricado.jpg\" alt=\"\" width=\"245\" height=\"327\" \/><\/strong><\/p>\n<p style=\"text-align: justify;\">De la m\u00e0 d&#8217;un equip hum\u00e0 totalment preparat i capacitat per a adaptar-se a les necessitats i exig\u00e8ncies dels nostres clients, en *Gravity *Works vetllem per exercir la nostra tasca en la seguretat de qualsevol obra industrial, obra civil, construcci\u00f3, reforma, rehabilitaci\u00f3, etc., amb la plena confian\u00e7a i tranquil\u00b7litat de fer-ho de la m\u00e0 d&#8217;una empresa competent, amb els millors professionals en treballs verticals.<\/p>\n<p>La nostra experi\u00e8ncia, aix\u00ed com l&#8217;\u00e8xit dels nostres treballs, ens avalen. Qui ja han dipositat la seva confian\u00e7a en <strong>Gravity Works<\/strong>, tornen a fer-ho, perqu\u00e8 nom\u00e9s aqu\u00ed trobaran all\u00f2 que tant han estat buscant per a l&#8217;especialitzaci\u00f3 en obra industrial.<\/p>\n<p>Des de <strong>Gravity Works<\/strong>, volem que cada vegada m\u00e9s, empreses i particulars del sector de la ind\u00fastria, vegin en la nostra activitat una resposta a les seves necessitats, portades sempre de la m\u00e0 de la qualitat i la professionalitat.<\/p>\n<p><strong>Gravity Works<\/strong> la vostra empresa de confian\u00e7a, professional i compromesa, per a la protecci\u00f3 i en la seguretat de qualsevol obra industrial.[\/vc_column_text]<div class=\"boc_spacing \" style=\"height: 32px\"><\/div>[\/vc_column][\/vc_row]<\/p>\n<\/div>","protected":false},"excerpt":{"rendered":"<p>[vc_row bg_type=&#8221;image&#8221; bg_image_new=&#8221;391&#8243; bg_override=&#8221;ex-full&#8221;][vc_column][vc_row_inner gap=&#8221;35&#8243;][vc_column_inner width=&#8221;1\/2&#8243; css=&#8221;.vc_custom_1616568361864{border-top-width: 1px !important;border-right-width: 1px !important;border-bottom-width: 1px !important;border-left-width: 1px !important;padding-top: 20px !important;padding-right: 20px !important;padding-bottom: 20px !important;padding-left: 20px !important;background-color: rgba(255,255,255,0.86) !important;*background-color: rgb(255,255,255) !important;border-left-color: #000000 !important;border-left-style: solid !important;border-right-color: #000000 !important;border-right-style: solid !important;border-top-color: #000000 !important;border-top-style: solid !important;border-bottom-color: #000000 !important;border-bottom-style: solid !important;border-radius: 10px !important;}&#8221;][vc_column_text] Obra industrial GRAVITY WORKS \u2013 Proteccions col\u00b7lectives per a tota Catalunya (Girona, Barcelona, Tarragona, Lleida\u2026)<\/p>\n<div class=\"h10\"><\/div>\n<p><a class=\"more-link1\" href=\"https:\/\/gravityworks.eu\/ca\/serveis\/obra-industrial\/\">Read more<\/a><\/p>\n","protected":false},"author":1,"featured_media":0,"parent":665,"menu_order":0,"comment_status":"closed","ping_status":"closed","template":"","meta":{"footnotes":""},"class_list":["post-682","page","type-page","status-publish","hentry"],"yoast_head":"<!-- This site is optimized with the Yoast SEO plugin v27.0 - https:\/\/yoast.com\/product\/yoast-seo-wordpress\/ -->\n<title>Obra industrial - GRAVITY WORKS: PROTECCIONES COLECTIVAS<\/title>\n<meta name=\"robots\" content=\"index, follow, max-snippet:-1, max-image-preview:large, max-video-preview:-1\" \/>\n<link rel=\"canonical\" href=\"https:\/\/gravityworks.eu\/ca\/serveis\/obra-industrial\/\" \/>\n<meta property=\"og:locale\" content=\"ca_ES\" \/>\n<meta property=\"og:type\" content=\"article\" \/>\n<meta property=\"og:title\" content=\"Obra industrial - GRAVITY WORKS: PROTECCIONES COLECTIVAS\" \/>\n<meta property=\"og:description\" content=\"[vc_row bg_type=&#8221;image&#8221; bg_image_new=&#8221;391&#8243; bg_override=&#8221;ex-full&#8221;][vc_column][vc_row_inner gap=&#8221;35&#8243;][vc_column_inner width=&#8221;1\/2&#8243; css=&#8221;.vc_custom_1616568361864{border-top-width: 1px !important;border-right-width: 1px !important;border-bottom-width: 1px !important;border-left-width: 1px !important;padding-top: 20px !important;padding-right: 20px !important;padding-bottom: 20px !important;padding-left: 20px !important;background-color: rgba(255,255,255,0.86) !important;*background-color: rgb(255,255,255) !important;border-left-color: #000000 !important;border-left-style: solid !important;border-right-color: #000000 !important;border-right-style: solid !important;border-top-color: #000000 !important;border-top-style: solid !important;border-bottom-color: #000000 !important;border-bottom-style: solid !important;border-radius: 10px !important;}&#8221;][vc_column_text] Obra industrial GRAVITY WORKS \u2013 Proteccions col\u00b7lectives per a tota Catalunya (Girona, Barcelona, Tarragona, Lleida\u2026)Read more\" \/>\n<meta property=\"og:url\" content=\"https:\/\/gravityworks.eu\/ca\/serveis\/obra-industrial\/\" \/>\n<meta property=\"og:site_name\" content=\"GRAVITY WORKS: PROTECCIONES COLECTIVAS\" \/>\n<meta property=\"article:modified_time\" content=\"2022-02-02T12:27:36+00:00\" \/>\n<meta name=\"twitter:card\" content=\"summary_large_image\" \/>\n<meta name=\"twitter:label1\" content=\"Temps estimat de lectura\" \/>\n\t<meta name=\"twitter:data1\" content=\"4 minuts\" \/>\n<script type=\"application\/ld+json\" class=\"yoast-schema-graph\">{\"@context\":\"https:\/\/schema.org\",\"@graph\":[{\"@type\":\"WebPage\",\"@id\":\"https:\/\/gravityworks.eu\/ca\/serveis\/obra-industrial\/\",\"url\":\"https:\/\/gravityworks.eu\/ca\/serveis\/obra-industrial\/\",\"name\":\"Obra industrial - GRAVITY WORKS: PROTECCIONES COLECTIVAS\",\"isPartOf\":{\"@id\":\"https:\/\/gravityworks.eu\/#website\"},\"datePublished\":\"2022-02-02T10:52:31+00:00\",\"dateModified\":\"2022-02-02T12:27:36+00:00\",\"breadcrumb\":{\"@id\":\"https:\/\/gravityworks.eu\/ca\/serveis\/obra-industrial\/#breadcrumb\"},\"inLanguage\":\"ca\",\"potentialAction\":[{\"@type\":\"ReadAction\",\"target\":[\"https:\/\/gravityworks.eu\/ca\/serveis\/obra-industrial\/\"]}]},{\"@type\":\"BreadcrumbList\",\"@id\":\"https:\/\/gravityworks.eu\/ca\/serveis\/obra-industrial\/#breadcrumb\",\"itemListElement\":[{\"@type\":\"ListItem\",\"position\":1,\"name\":\"Portada\",\"item\":\"https:\/\/gravityworks.eu\/ca\/\"},{\"@type\":\"ListItem\",\"position\":2,\"name\":\"Construcci\u00f3 i ind\u00fastria\",\"item\":\"https:\/\/gravityworks.eu\/ca\/serveis\/\"},{\"@type\":\"ListItem\",\"position\":3,\"name\":\"Obra industrial\"}]},{\"@type\":\"WebSite\",\"@id\":\"https:\/\/gravityworks.eu\/#website\",\"url\":\"https:\/\/gravityworks.eu\/\",\"name\":\"GRAVITY WORKS: PROTECCIONES COLECTIVAS\",\"description\":\"Instalaci\u00f3n de redes, protecciones colectivas, trabajos en alturas, redes deportivas, se\u00f1alizaci\u00f3n y balizamiento...\",\"potentialAction\":[{\"@type\":\"SearchAction\",\"target\":{\"@type\":\"EntryPoint\",\"urlTemplate\":\"https:\/\/gravityworks.eu\/?s={search_term_string}\"},\"query-input\":{\"@type\":\"PropertyValueSpecification\",\"valueRequired\":true,\"valueName\":\"search_term_string\"}}],\"inLanguage\":\"ca\"}]}<\/script>\n<!-- \/ Yoast SEO plugin. -->","yoast_head_json":{"title":"Obra industrial - GRAVITY WORKS: PROTECCIONES COLECTIVAS","robots":{"index":"index","follow":"follow","max-snippet":"max-snippet:-1","max-image-preview":"max-image-preview:large","max-video-preview":"max-video-preview:-1"},"canonical":"https:\/\/gravityworks.eu\/ca\/serveis\/obra-industrial\/","og_locale":"ca_ES","og_type":"article","og_title":"Obra industrial - GRAVITY WORKS: PROTECCIONES COLECTIVAS","og_description":"[vc_row bg_type=&#8221;image&#8221; bg_image_new=&#8221;391&#8243; bg_override=&#8221;ex-full&#8221;][vc_column][vc_row_inner gap=&#8221;35&#8243;][vc_column_inner width=&#8221;1\/2&#8243; css=&#8221;.vc_custom_1616568361864{border-top-width: 1px !important;border-right-width: 1px !important;border-bottom-width: 1px !important;border-left-width: 1px !important;padding-top: 20px !important;padding-right: 20px !important;padding-bottom: 20px !important;padding-left: 20px !important;background-color: rgba(255,255,255,0.86) !important;*background-color: rgb(255,255,255) !important;border-left-color: #000000 !important;border-left-style: solid !important;border-right-color: #000000 !important;border-right-style: solid !important;border-top-color: #000000 !important;border-top-style: solid !important;border-bottom-color: #000000 !important;border-bottom-style: solid !important;border-radius: 10px !important;}&#8221;][vc_column_text] Obra industrial GRAVITY WORKS \u2013 Proteccions col\u00b7lectives per a tota Catalunya (Girona, Barcelona, Tarragona, Lleida\u2026)Read more","og_url":"https:\/\/gravityworks.eu\/ca\/serveis\/obra-industrial\/","og_site_name":"GRAVITY WORKS: PROTECCIONES COLECTIVAS","article_modified_time":"2022-02-02T12:27:36+00:00","twitter_card":"summary_large_image","twitter_misc":{"Temps estimat de lectura":"4 minuts"},"schema":{"@context":"https:\/\/schema.org","@graph":[{"@type":"WebPage","@id":"https:\/\/gravityworks.eu\/ca\/serveis\/obra-industrial\/","url":"https:\/\/gravityworks.eu\/ca\/serveis\/obra-industrial\/","name":"Obra industrial - GRAVITY WORKS: PROTECCIONES COLECTIVAS","isPartOf":{"@id":"https:\/\/gravityworks.eu\/#website"},"datePublished":"2022-02-02T10:52:31+00:00","dateModified":"2022-02-02T12:27:36+00:00","breadcrumb":{"@id":"https:\/\/gravityworks.eu\/ca\/serveis\/obra-industrial\/#breadcrumb"},"inLanguage":"ca","potentialAction":[{"@type":"ReadAction","target":["https:\/\/gravityworks.eu\/ca\/serveis\/obra-industrial\/"]}]},{"@type":"BreadcrumbList","@id":"https:\/\/gravityworks.eu\/ca\/serveis\/obra-industrial\/#breadcrumb","itemListElement":[{"@type":"ListItem","position":1,"name":"Portada","item":"https:\/\/gravityworks.eu\/ca\/"},{"@type":"ListItem","position":2,"name":"Construcci\u00f3 i ind\u00fastria","item":"https:\/\/gravityworks.eu\/ca\/serveis\/"},{"@type":"ListItem","position":3,"name":"Obra industrial"}]},{"@type":"WebSite","@id":"https:\/\/gravityworks.eu\/#website","url":"https:\/\/gravityworks.eu\/","name":"GRAVITY WORKS: PROTECCIONES COLECTIVAS","description":"Instalaci\u00f3n de redes, protecciones colectivas, trabajos en alturas, redes deportivas, se\u00f1alizaci\u00f3n y balizamiento...","potentialAction":[{"@type":"SearchAction","target":{"@type":"EntryPoint","urlTemplate":"https:\/\/gravityworks.eu\/?s={search_term_string}"},"query-input":{"@type":"PropertyValueSpecification","valueRequired":true,"valueName":"search_term_string"}}],"inLanguage":"ca"}]}},"_links":{"self":[{"href":"https:\/\/gravityworks.eu\/ca\/wp-json\/wp\/v2\/pages\/682","targetHints":{"allow":["GET"]}}],"collection":[{"href":"https:\/\/gravityworks.eu\/ca\/wp-json\/wp\/v2\/pages"}],"about":[{"href":"https:\/\/gravityworks.eu\/ca\/wp-json\/wp\/v2\/types\/page"}],"author":[{"embeddable":true,"href":"https:\/\/gravityworks.eu\/ca\/wp-json\/wp\/v2\/users\/1"}],"replies":[{"embeddable":true,"href":"https:\/\/gravityworks.eu\/ca\/wp-json\/wp\/v2\/comments?post=682"}],"version-history":[{"count":4,"href":"https:\/\/gravityworks.eu\/ca\/wp-json\/wp\/v2\/pages\/682\/revisions"}],"predecessor-version":[{"id":826,"href":"https:\/\/gravityworks.eu\/ca\/wp-json\/wp\/v2\/pages\/682\/revisions\/826"}],"up":[{"embeddable":true,"href":"https:\/\/gravityworks.eu\/ca\/wp-json\/wp\/v2\/pages\/665"}],"wp:attachment":[{"href":"https:\/\/gravityworks.eu\/ca\/wp-json\/wp\/v2\/media?parent=682"}],"curies":[{"name":"wp","href":"https:\/\/api.w.org\/{rel}","templated":true}]}}