{"id":698,"date":"2022-02-02T11:06:43","date_gmt":"2022-02-02T11:06:43","guid":{"rendered":"http:\/\/gravityworks.cursowebonline.es\/?page_id=698"},"modified":"2022-02-16T09:50:11","modified_gmt":"2022-02-16T09:50:11","slug":"treballs-verticals","status":"publish","type":"page","link":"https:\/\/gravityworks.eu\/ca\/serveis\/treballs-verticals\/","title":{"rendered":"Treballs verticals"},"content":{"rendered":"<div class=\"wpb-content-wrapper\"><p>[vc_row bg_type=&#8221;image&#8221; bg_image_new=&#8221;596&#8243; bg_override=&#8221;ex-full&#8221;][vc_column]<div class=\"boc_spacing \" style=\"height: 32px\"><\/div>[vc_row_inner gap=&#8221;35&#8243;][vc_column_inner width=&#8221;1\/2&#8243; css=&#8221;.vc_custom_1616568361864{border-top-width: 1px !important;border-right-width: 1px !important;border-bottom-width: 1px !important;border-left-width: 1px !important;padding-top: 20px !important;padding-right: 20px !important;padding-bottom: 20px !important;padding-left: 20px !important;background-color: rgba(255,255,255,0.86) !important;*background-color: rgb(255,255,255) !important;border-left-color: #000000 !important;border-left-style: solid !important;border-right-color: #000000 !important;border-right-style: solid !important;border-top-color: #000000 !important;border-top-style: solid !important;border-bottom-color: #000000 !important;border-bottom-style: solid !important;border-radius: 10px !important;}&#8221;][vc_column_text]<\/p>\n<h1>Treballs verticals<\/h1>\n<h2>GRAVITY WORKS \u2013 Treballs en altures per a tota Catalunya (Girona, Barcelona, Tarragona, Lleida\u2026) 93 712 6745<\/h2>\n<p>[\/vc_column_text]<a\thref=\"https:\/\/web.whatsapp.com\/send?phone=34622472869&#038;text=%C2%A1Hola!%20Me%20gustar%C3%ADa%20obtener%20m%C3%A1s%20informaci%C3%B3n%20sobre%20vuestros%20servicios.\" \n\t\t\t\tclass=\"button btn_medium btn_green btn_rounded btn_normal_style    \"  target='_blank'><span>Contacte per Whatsapp<\/span><\/a>[\/vc_column_inner][vc_column_inner width=&#8221;1\/2&#8243; css=&#8221;.vc_custom_1616568285658{border-top-width: 1px !important;border-right-width: 1px !important;border-bottom-width: 1px !important;border-left-width: 1px !important;padding-top: 20px !important;padding-right: 20px !important;padding-bottom: 20px !important;padding-left: 20px !important;background-color: rgba(255,255,255,0.86) !important;*background-color: rgb(255,255,255) !important;border-left-color: #000000 !important;border-left-style: solid !important;border-right-color: #000000 !important;border-right-style: solid !important;border-top-color: #000000 !important;border-top-style: solid !important;border-bottom-color: #000000 !important;border-bottom-style: solid !important;border-radius: 10px !important;}&#8221;][vc_column_text]<\/p>\n<h2>Formulari de contacte<\/h2>\n<p>[\/vc_column_text]\n<div class=\"wpcf7 no-js\" id=\"wpcf7-f822-o1\" lang=\"es-ES\" dir=\"ltr\" data-wpcf7-id=\"822\">\n<div class=\"screen-reader-response\"><p role=\"status\" aria-live=\"polite\" aria-atomic=\"true\"><\/p> <ul><\/ul><\/div>\n<form action=\"\/ca\/wp-json\/wp\/v2\/pages\/698#wpcf7-f822-o1\" method=\"post\" class=\"wpcf7-form init\" aria-label=\"Formulario de contacto\" novalidate=\"novalidate\" data-status=\"init\">\n<fieldset class=\"hidden-fields-container\"><input type=\"hidden\" name=\"_wpcf7\" value=\"822\" \/><input type=\"hidden\" name=\"_wpcf7_version\" value=\"6.1.5\" \/><input type=\"hidden\" name=\"_wpcf7_locale\" value=\"es_ES\" \/><input type=\"hidden\" name=\"_wpcf7_unit_tag\" value=\"wpcf7-f822-o1\" \/><input type=\"hidden\" name=\"_wpcf7_container_post\" value=\"0\" \/><input type=\"hidden\" name=\"_wpcf7_posted_data_hash\" value=\"\" \/><input type=\"hidden\" name=\"_wpcf7_recaptcha_response\" value=\"\" \/>\n<\/fieldset>\n<p><label> Nom<br \/>\n<span class=\"wpcf7-form-control-wrap\" data-name=\"your-name\"><input size=\"40\" maxlength=\"400\" class=\"wpcf7-form-control wpcf7-text wpcf7-validates-as-required\" aria-required=\"true\" aria-invalid=\"false\" value=\"\" type=\"text\" name=\"your-name\" \/><\/span> <\/label>\n<\/p>\n<p><label> Correu electr\u00f2nic<br \/>\n<span class=\"wpcf7-form-control-wrap\" data-name=\"your-email\"><input size=\"40\" maxlength=\"400\" class=\"wpcf7-form-control wpcf7-email wpcf7-validates-as-required wpcf7-text wpcf7-validates-as-email\" aria-required=\"true\" aria-invalid=\"false\" value=\"\" type=\"email\" name=\"your-email\" \/><\/span> <\/label>\n<\/p>\n<p><label> Tel\u00e8fon<br \/>\n<span class=\"wpcf7-form-control-wrap\" data-name=\"tel-416\"><input size=\"40\" maxlength=\"400\" class=\"wpcf7-form-control wpcf7-tel wpcf7-validates-as-required wpcf7-text wpcf7-validates-as-tel\" aria-required=\"true\" aria-invalid=\"false\" value=\"\" type=\"tel\" name=\"tel-416\" \/><\/span><br \/>\n<\/label>\n<\/p>\n<p><label> Missatge<br \/>\n<span class=\"wpcf7-form-control-wrap\" data-name=\"your-message\"><textarea cols=\"40\" rows=\"10\" maxlength=\"2000\" class=\"wpcf7-form-control wpcf7-textarea\" aria-invalid=\"false\" name=\"your-message\"><\/textarea><\/span> <\/label>\n<\/p>\n<span class=\"wpcf7-form-control-wrap recaptcha\" data-name=\"recaptcha\"><span data-sitekey=\"6Ldg140gAAAAAM86VR8_9OFI2637HC1G8EuK1ffN\" class=\"wpcf7-form-control wpcf7-recaptcha g-recaptcha\"><\/span>\r\n<noscript>\r\n\t<div class=\"grecaptcha-noscript\">\r\n\t\t<iframe loading=\"lazy\" src=\"https:\/\/www.google.com\/recaptcha\/api\/fallback?k=6Ldg140gAAAAAM86VR8_9OFI2637HC1G8EuK1ffN\" frameborder=\"0\" scrolling=\"no\" width=\"310\" height=\"430\">\r\n\t\t<\/iframe>\r\n\t\t<textarea name=\"g-recaptcha-response\" rows=\"3\" cols=\"40\" placeholder=\"Aqu\u00ed la respuesta de reCAPTCHA\">\r\n\t\t<\/textarea>\r\n\t<\/div>\r\n<\/noscript>\r\n<\/span>\n<p><span class=\"wpcf7-form-control-wrap\" data-name=\"checkbox-543\"><span class=\"wpcf7-form-control wpcf7-checkbox wpcf7-validates-as-required\"><span class=\"wpcf7-list-item first last\"><input type=\"checkbox\" name=\"checkbox-543[]\" value=\"He llegit i accepto l&#039;\" \/><span class=\"wpcf7-list-item-label\">He llegit i accepto l&#039;<\/span><\/span><\/span><\/span><a href=\"\/aviso-legal\/\">av\u00eds legal.<\/a>\n<\/p>\n<p><span class=\"wpcf7-form-control-wrap\" data-name=\"checkbox-5432\"><span class=\"wpcf7-form-control wpcf7-checkbox wpcf7-validates-as-required\"><span class=\"wpcf7-list-item first last\"><input type=\"checkbox\" name=\"checkbox-5432[]\" value=\"Accepto l&#039;enviament d&#039;informaci\u00f3.\" \/><span class=\"wpcf7-list-item-label\">Accepto l&#039;enviament d&#039;informaci\u00f3.<\/span><\/span><\/span><\/span>\n<\/p>\n<p><input class=\"wpcf7-form-control wpcf7-submit has-spinner\" type=\"submit\" value=\"Enviar\" \/>\n<\/p><div class=\"wpcf7-response-output\" aria-hidden=\"true\"><\/div>\n<\/form>\n<\/div>\n[\/vc_column_inner][\/vc_row_inner]<div class=\"boc_spacing \" style=\"height: 32px\"><\/div>[\/vc_column][\/vc_row][vc_row][vc_column]<div class=\"boc_spacing \" style=\"height: 32px\"><\/div>[vc_column_text]<\/p>\n<p style=\"text-align: justify;\"><strong><img loading=\"lazy\" decoding=\"async\" class=\"wp-image-609 alignleft\" src=\"http:\/\/gravityworks.cursowebonline.es\/wp-content\/uploads\/2022\/01\/PHOTO-2021-11-19-16-29-13.jpg\" alt=\"\" width=\"263\" height=\"197\" srcset=\"https:\/\/gravityworks.eu\/wp-content\/uploads\/2022\/01\/PHOTO-2021-11-19-16-29-13.jpg 932w, https:\/\/gravityworks.eu\/wp-content\/uploads\/2022\/01\/PHOTO-2021-11-19-16-29-13-300x225.jpg 300w, https:\/\/gravityworks.eu\/wp-content\/uploads\/2022\/01\/PHOTO-2021-11-19-16-29-13-768x576.jpg 768w\" sizes=\"auto, (max-width: 263px) 100vw, 263px\" \/><\/strong><br \/>\nGravity Works\u00a0\u00e9s una empresa especialitzada en la protecci\u00f3 i\u00a0seguretat\u00a0de qualsevol mena de\u00a0obra, reforma o rehabilitaci\u00f3; nascuda l&#8217;any 2014 i formada per professionals en\u00a0treballs verticals\u00a0amb m\u00e9s de 20 anys d&#8217;experi\u00e8ncia en el sector. Integrada per membres d&#8217;una de les empreses pioneres en\u00a0seguretat\u00a0col\u00b7lectiva del pa\u00eds;\u00a0Gravity Works, ve a respondre a les necessitats de totes aquelles empreses del m\u00f3n de la construcci\u00f3 que requereixin de la contractaci\u00f3 dels serveis d&#8217;una empresa de protecci\u00f3 i\u00a0seguretat\u00a0per al desenvolupament de la seva\u00a0obra,\u00a0a trav\u00e9s d&#8217;un treball de qualitat, i que desenvolupi la seva tasca en\u00a0treballs verticals\u00a0de la m\u00e0 dels millors professionals del sector.<\/p>\n<p style=\"text-align: justify;\">En la protecci\u00f3 de qualsevol obra, tot el que busquem \u00e9s evitar al m\u00e0xim la successi\u00f3 de factors desencadenants d&#8217;accidents i revessos que puguin perjudicar l&#8217;apropiat desenvolupament de la comesa que tenim per davant, per aquesta ra\u00f3, gaudir de la protecci\u00f3 i\u00a0seguretat\u00a0indispensable en dur a terme la vostra obra o reforma, \u00e9s indiscutible.<\/p>\n<p style=\"text-align: justify;\">Els\u00a0treballs verticals, responen a una activitat que necessita d&#8217;una disposici\u00f3 determinada. No totes les persones senten la mateixa passi\u00f3 i vocaci\u00f3 per una tasca com aquesta, ni, l\u00f2gicament, gaudeixen de la preparaci\u00f3 merit\u00f2ria per a fer-la. Actualment, s\u00f3n moltes les empreses, no sols vinculades al sector de la construcci\u00f3, que necessiten de la labor d&#8217;especialistes en\u00a0treballs verticals\u00a0per a desenvolupar adequadament la seva activitat. Per aix\u00f2, \u00e9s fonamental que des d&#8217;una empresa com la nostra,\u00a0Gravity Works,\u00a0us oferim respostes i ajuda de qualitat, de la m\u00e0 dels millors professionals en la protecci\u00f3 i\u00a0seguretat, per a aquests\u00a0treballs verticals, i garantir que gaudiu de totes les mesures de\u00a0seguretat\u00a0i per a no sofrir cap perjudici o mal, abans i durant, el desenvolupament de l&#8217;obra.<\/p>\n<p style=\"text-align: justify;\">La protecci\u00f3 i la\u00a0seguretat\u00a0en qualsevol\u00a0obra\u00a0o reforma, \u00e9s de vital import\u00e0ncia per a continuar gaudint d&#8217;all\u00f2 que m\u00e9s valor t\u00e9, i alhora, no t\u00e9 preu: la vida. Alguna cosa que, en aquest treball, moltes vegades, no s&#8217;at\u00e9n amb la suficient mesura.<\/p>\n<p style=\"text-align: justify;\">Per a la protecci\u00f3 de tota obra, en Gravity Works volem assegurar-vos la qualitat d&#8217;un servei professional i meticul\u00f3s per part de tots els t\u00e8cnics i operaris experts en treballs verticals.<strong style=\"text-align: justify;\"><img loading=\"lazy\" decoding=\"async\" class=\"wp-image-431 alignright\" src=\"\/wp-content\/uploads\/2022\/01\/PHOTO-2021-11-19-16-27-25.jpg\" alt=\"\" width=\"236\" height=\"420\" \/><\/strong> La\u00a0seguretat\u00a0\u00e9s, abans de res, la m\u00e0xima \u00fanica que aconseguir, i vetllar per integrar els elements necessaris que la garanteixin i els equips corresponents, la labor a exercir, amb tota la confian\u00e7a d&#8217;aut\u00e8ntics professionals de els\u00a0treballs verticals.<\/p>\n<p style=\"text-align: justify;\">Comprom\u00eds, responsabilitat, rigorositat\u2026 entre molts altres, s\u00f3n alguns dels valors que fonamenten les bases de la nostra empresa i gr\u00e0cies als quals,\u00a0Gravity Works,\u00a0s&#8217;ha convertit, avui, en una de les empreses pioneres en el sector de la protecci\u00f3 d&#8217;obres de tota mena, gr\u00e0cies a els\u00a0treballs verticals.<\/p>\n<p style=\"text-align: justify;\">La nostra filosofia se sustenta a intentar salvar vides; reduir els accidents i els riscos als quals es poden inquirir amb ells. Amb la deguda protecci\u00f3 en la realitzaci\u00f3 d&#8217;aquests\u00a0treballs verticals\u00a0i, posteriorment, en el desenvolupament de les reformes i obres, de la m\u00e0 d&#8217;un equip hum\u00e0, absolutament format i qualificat per a fer la tasca; ens adaptem i superem amb \u00e8xit totes les necessitats i exig\u00e8ncies dels nostres clients, amb un treball de qualitat, merament correspost.<\/p>\n<p style=\"text-align: justify;\">Gravity Works\u00a0vol ajudar-vos a donar resposta a tot aix\u00f2 i que compteu amb la vostra empresa de protecci\u00f3 i\u00a0seguretat\u00a0en obres; professional, de confian\u00e7a i completament compromesa amb la delicada labor que realitzem (treballs verticals), per a cobrir la vostra\u00a0seguretat\u00a0i la de totes aquelles persones que es veuen involucrades en el desenvolupament d&#8217;una obra i han de veure el seu treball, completament, protegit i segur per a exercir, amb les millors garanties, la seva comesa.<\/p>\n<p>[\/vc_column_text]<div class=\"boc_spacing \" style=\"height: 32px\"><\/div>[\/vc_column][\/vc_row]<\/p>\n<\/div>","protected":false},"excerpt":{"rendered":"<p>[vc_row bg_type=&#8221;image&#8221; bg_image_new=&#8221;596&#8243; bg_override=&#8221;ex-full&#8221;][vc_column][vc_row_inner gap=&#8221;35&#8243;][vc_column_inner width=&#8221;1\/2&#8243; css=&#8221;.vc_custom_1616568361864{border-top-width: 1px !important;border-right-width: 1px !important;border-bottom-width: 1px !important;border-left-width: 1px !important;padding-top: 20px !important;padding-right: 20px !important;padding-bottom: 20px !important;padding-left: 20px !important;background-color: rgba(255,255,255,0.86) !important;*background-color: rgb(255,255,255) !important;border-left-color: #000000 !important;border-left-style: solid !important;border-right-color: #000000 !important;border-right-style: solid !important;border-top-color: #000000 !important;border-top-style: solid !important;border-bottom-color: #000000 !important;border-bottom-style: solid !important;border-radius: 10px !important;}&#8221;][vc_column_text] Treballs verticals GRAVITY WORKS \u2013 Treballs en altures per a tota Catalunya (Girona, Barcelona, Tarragona,<\/p>\n<div class=\"h10\"><\/div>\n<p><a class=\"more-link1\" href=\"https:\/\/gravityworks.eu\/ca\/serveis\/treballs-verticals\/\">Read more<\/a><\/p>\n","protected":false},"author":1,"featured_media":0,"parent":665,"menu_order":0,"comment_status":"closed","ping_status":"closed","template":"","meta":{"footnotes":""},"class_list":["post-698","page","type-page","status-publish","hentry"],"yoast_head":"<!-- This site is optimized with the Yoast SEO plugin v27.0 - https:\/\/yoast.com\/product\/yoast-seo-wordpress\/ -->\n<title>Treballs verticals - GRAVITY WORKS: PROTECCIONES COLECTIVAS<\/title>\n<meta name=\"robots\" content=\"index, follow, max-snippet:-1, max-image-preview:large, max-video-preview:-1\" \/>\n<link rel=\"canonical\" href=\"https:\/\/gravityworks.eu\/ca\/serveis\/treballs-verticals\/\" \/>\n<meta property=\"og:locale\" content=\"ca_ES\" \/>\n<meta property=\"og:type\" content=\"article\" \/>\n<meta property=\"og:title\" content=\"Treballs verticals - GRAVITY WORKS: PROTECCIONES COLECTIVAS\" \/>\n<meta property=\"og:description\" content=\"[vc_row bg_type=&#8221;image&#8221; bg_image_new=&#8221;596&#8243; bg_override=&#8221;ex-full&#8221;][vc_column][vc_row_inner gap=&#8221;35&#8243;][vc_column_inner width=&#8221;1\/2&#8243; css=&#8221;.vc_custom_1616568361864{border-top-width: 1px !important;border-right-width: 1px !important;border-bottom-width: 1px !important;border-left-width: 1px !important;padding-top: 20px !important;padding-right: 20px !important;padding-bottom: 20px !important;padding-left: 20px !important;background-color: rgba(255,255,255,0.86) !important;*background-color: rgb(255,255,255) !important;border-left-color: #000000 !important;border-left-style: solid !important;border-right-color: #000000 !important;border-right-style: solid !important;border-top-color: #000000 !important;border-top-style: solid !important;border-bottom-color: #000000 !important;border-bottom-style: solid !important;border-radius: 10px !important;}&#8221;][vc_column_text] Treballs verticals GRAVITY WORKS \u2013 Treballs en altures per a tota Catalunya (Girona, Barcelona, Tarragona,Read more\" \/>\n<meta property=\"og:url\" content=\"https:\/\/gravityworks.eu\/ca\/serveis\/treballs-verticals\/\" \/>\n<meta property=\"og:site_name\" content=\"GRAVITY WORKS: PROTECCIONES COLECTIVAS\" \/>\n<meta property=\"article:modified_time\" content=\"2022-02-16T09:50:11+00:00\" \/>\n<meta property=\"og:image\" content=\"http:\/\/gravityworks.cursowebonline.es\/wp-content\/uploads\/2022\/01\/PHOTO-2021-11-19-16-29-13.jpg\" \/>\n<meta name=\"twitter:card\" content=\"summary_large_image\" \/>\n<meta name=\"twitter:label1\" content=\"Temps estimat de lectura\" \/>\n\t<meta name=\"twitter:data1\" content=\"4 minuts\" \/>\n<script type=\"application\/ld+json\" class=\"yoast-schema-graph\">{\"@context\":\"https:\/\/schema.org\",\"@graph\":[{\"@type\":\"WebPage\",\"@id\":\"https:\/\/gravityworks.eu\/ca\/serveis\/treballs-verticals\/\",\"url\":\"https:\/\/gravityworks.eu\/ca\/serveis\/treballs-verticals\/\",\"name\":\"Treballs verticals - GRAVITY WORKS: PROTECCIONES COLECTIVAS\",\"isPartOf\":{\"@id\":\"https:\/\/gravityworks.eu\/#website\"},\"primaryImageOfPage\":{\"@id\":\"https:\/\/gravityworks.eu\/ca\/serveis\/treballs-verticals\/#primaryimage\"},\"image\":{\"@id\":\"https:\/\/gravityworks.eu\/ca\/serveis\/treballs-verticals\/#primaryimage\"},\"thumbnailUrl\":\"http:\/\/gravityworks.cursowebonline.es\/wp-content\/uploads\/2022\/01\/PHOTO-2021-11-19-16-29-13.jpg\",\"datePublished\":\"2022-02-02T11:06:43+00:00\",\"dateModified\":\"2022-02-16T09:50:11+00:00\",\"breadcrumb\":{\"@id\":\"https:\/\/gravityworks.eu\/ca\/serveis\/treballs-verticals\/#breadcrumb\"},\"inLanguage\":\"ca\",\"potentialAction\":[{\"@type\":\"ReadAction\",\"target\":[\"https:\/\/gravityworks.eu\/ca\/serveis\/treballs-verticals\/\"]}]},{\"@type\":\"ImageObject\",\"inLanguage\":\"ca\",\"@id\":\"https:\/\/gravityworks.eu\/ca\/serveis\/treballs-verticals\/#primaryimage\",\"url\":\"http:\/\/gravityworks.cursowebonline.es\/wp-content\/uploads\/2022\/01\/PHOTO-2021-11-19-16-29-13.jpg\",\"contentUrl\":\"http:\/\/gravityworks.cursowebonline.es\/wp-content\/uploads\/2022\/01\/PHOTO-2021-11-19-16-29-13.jpg\"},{\"@type\":\"BreadcrumbList\",\"@id\":\"https:\/\/gravityworks.eu\/ca\/serveis\/treballs-verticals\/#breadcrumb\",\"itemListElement\":[{\"@type\":\"ListItem\",\"position\":1,\"name\":\"Portada\",\"item\":\"https:\/\/gravityworks.eu\/ca\/\"},{\"@type\":\"ListItem\",\"position\":2,\"name\":\"Construcci\u00f3 i ind\u00fastria\",\"item\":\"https:\/\/gravityworks.eu\/ca\/serveis\/\"},{\"@type\":\"ListItem\",\"position\":3,\"name\":\"Treballs verticals\"}]},{\"@type\":\"WebSite\",\"@id\":\"https:\/\/gravityworks.eu\/#website\",\"url\":\"https:\/\/gravityworks.eu\/\",\"name\":\"GRAVITY WORKS: PROTECCIONES COLECTIVAS\",\"description\":\"Instalaci\u00f3n de redes, protecciones colectivas, trabajos en alturas, redes deportivas, se\u00f1alizaci\u00f3n y balizamiento...\",\"potentialAction\":[{\"@type\":\"SearchAction\",\"target\":{\"@type\":\"EntryPoint\",\"urlTemplate\":\"https:\/\/gravityworks.eu\/?s={search_term_string}\"},\"query-input\":{\"@type\":\"PropertyValueSpecification\",\"valueRequired\":true,\"valueName\":\"search_term_string\"}}],\"inLanguage\":\"ca\"}]}<\/script>\n<!-- \/ Yoast SEO plugin. -->","yoast_head_json":{"title":"Treballs verticals - GRAVITY WORKS: PROTECCIONES COLECTIVAS","robots":{"index":"index","follow":"follow","max-snippet":"max-snippet:-1","max-image-preview":"max-image-preview:large","max-video-preview":"max-video-preview:-1"},"canonical":"https:\/\/gravityworks.eu\/ca\/serveis\/treballs-verticals\/","og_locale":"ca_ES","og_type":"article","og_title":"Treballs verticals - GRAVITY WORKS: PROTECCIONES COLECTIVAS","og_description":"[vc_row bg_type=&#8221;image&#8221; bg_image_new=&#8221;596&#8243; bg_override=&#8221;ex-full&#8221;][vc_column][vc_row_inner gap=&#8221;35&#8243;][vc_column_inner width=&#8221;1\/2&#8243; css=&#8221;.vc_custom_1616568361864{border-top-width: 1px !important;border-right-width: 1px !important;border-bottom-width: 1px !important;border-left-width: 1px !important;padding-top: 20px !important;padding-right: 20px !important;padding-bottom: 20px !important;padding-left: 20px !important;background-color: rgba(255,255,255,0.86) !important;*background-color: rgb(255,255,255) !important;border-left-color: #000000 !important;border-left-style: solid !important;border-right-color: #000000 !important;border-right-style: solid !important;border-top-color: #000000 !important;border-top-style: solid !important;border-bottom-color: #000000 !important;border-bottom-style: solid !important;border-radius: 10px !important;}&#8221;][vc_column_text] Treballs verticals GRAVITY WORKS \u2013 Treballs en altures per a tota Catalunya (Girona, Barcelona, Tarragona,Read more","og_url":"https:\/\/gravityworks.eu\/ca\/serveis\/treballs-verticals\/","og_site_name":"GRAVITY WORKS: PROTECCIONES COLECTIVAS","article_modified_time":"2022-02-16T09:50:11+00:00","og_image":[{"url":"http:\/\/gravityworks.cursowebonline.es\/wp-content\/uploads\/2022\/01\/PHOTO-2021-11-19-16-29-13.jpg","type":"","width":"","height":""}],"twitter_card":"summary_large_image","twitter_misc":{"Temps estimat de lectura":"4 minuts"},"schema":{"@context":"https:\/\/schema.org","@graph":[{"@type":"WebPage","@id":"https:\/\/gravityworks.eu\/ca\/serveis\/treballs-verticals\/","url":"https:\/\/gravityworks.eu\/ca\/serveis\/treballs-verticals\/","name":"Treballs verticals - GRAVITY WORKS: PROTECCIONES COLECTIVAS","isPartOf":{"@id":"https:\/\/gravityworks.eu\/#website"},"primaryImageOfPage":{"@id":"https:\/\/gravityworks.eu\/ca\/serveis\/treballs-verticals\/#primaryimage"},"image":{"@id":"https:\/\/gravityworks.eu\/ca\/serveis\/treballs-verticals\/#primaryimage"},"thumbnailUrl":"http:\/\/gravityworks.cursowebonline.es\/wp-content\/uploads\/2022\/01\/PHOTO-2021-11-19-16-29-13.jpg","datePublished":"2022-02-02T11:06:43+00:00","dateModified":"2022-02-16T09:50:11+00:00","breadcrumb":{"@id":"https:\/\/gravityworks.eu\/ca\/serveis\/treballs-verticals\/#breadcrumb"},"inLanguage":"ca","potentialAction":[{"@type":"ReadAction","target":["https:\/\/gravityworks.eu\/ca\/serveis\/treballs-verticals\/"]}]},{"@type":"ImageObject","inLanguage":"ca","@id":"https:\/\/gravityworks.eu\/ca\/serveis\/treballs-verticals\/#primaryimage","url":"http:\/\/gravityworks.cursowebonline.es\/wp-content\/uploads\/2022\/01\/PHOTO-2021-11-19-16-29-13.jpg","contentUrl":"http:\/\/gravityworks.cursowebonline.es\/wp-content\/uploads\/2022\/01\/PHOTO-2021-11-19-16-29-13.jpg"},{"@type":"BreadcrumbList","@id":"https:\/\/gravityworks.eu\/ca\/serveis\/treballs-verticals\/#breadcrumb","itemListElement":[{"@type":"ListItem","position":1,"name":"Portada","item":"https:\/\/gravityworks.eu\/ca\/"},{"@type":"ListItem","position":2,"name":"Construcci\u00f3 i ind\u00fastria","item":"https:\/\/gravityworks.eu\/ca\/serveis\/"},{"@type":"ListItem","position":3,"name":"Treballs verticals"}]},{"@type":"WebSite","@id":"https:\/\/gravityworks.eu\/#website","url":"https:\/\/gravityworks.eu\/","name":"GRAVITY WORKS: PROTECCIONES COLECTIVAS","description":"Instalaci\u00f3n de redes, protecciones colectivas, trabajos en alturas, redes deportivas, se\u00f1alizaci\u00f3n y balizamiento...","potentialAction":[{"@type":"SearchAction","target":{"@type":"EntryPoint","urlTemplate":"https:\/\/gravityworks.eu\/?s={search_term_string}"},"query-input":{"@type":"PropertyValueSpecification","valueRequired":true,"valueName":"search_term_string"}}],"inLanguage":"ca"}]}},"_links":{"self":[{"href":"https:\/\/gravityworks.eu\/ca\/wp-json\/wp\/v2\/pages\/698","targetHints":{"allow":["GET"]}}],"collection":[{"href":"https:\/\/gravityworks.eu\/ca\/wp-json\/wp\/v2\/pages"}],"about":[{"href":"https:\/\/gravityworks.eu\/ca\/wp-json\/wp\/v2\/types\/page"}],"author":[{"embeddable":true,"href":"https:\/\/gravityworks.eu\/ca\/wp-json\/wp\/v2\/users\/1"}],"replies":[{"embeddable":true,"href":"https:\/\/gravityworks.eu\/ca\/wp-json\/wp\/v2\/comments?post=698"}],"version-history":[{"count":6,"href":"https:\/\/gravityworks.eu\/ca\/wp-json\/wp\/v2\/pages\/698\/revisions"}],"predecessor-version":[{"id":971,"href":"https:\/\/gravityworks.eu\/ca\/wp-json\/wp\/v2\/pages\/698\/revisions\/971"}],"up":[{"embeddable":true,"href":"https:\/\/gravityworks.eu\/ca\/wp-json\/wp\/v2\/pages\/665"}],"wp:attachment":[{"href":"https:\/\/gravityworks.eu\/ca\/wp-json\/wp\/v2\/media?parent=698"}],"curies":[{"name":"wp","href":"https:\/\/api.w.org\/{rel}","templated":true}]}}