{"id":720,"date":"2022-02-02T11:33:05","date_gmt":"2022-02-02T11:33:05","guid":{"rendered":"http:\/\/gravityworks.cursowebonline.es\/?page_id=720"},"modified":"2025-01-16T11:13:06","modified_gmt":"2025-01-16T11:13:06","slug":"instal%c2%b7lacio-xarxes-esportives","status":"publish","type":"page","link":"https:\/\/gravityworks.eu\/ca\/instal%c2%b7lacio-xarxes-esportives\/","title":{"rendered":"Instal\u00b7laci\u00f3 de xarxes esportives"},"content":{"rendered":"<div class=\"wpb-content-wrapper\"><p>[vc_row bg_type=&#8221;image&#8221; bg_image_new=&#8221;395&#8243; bg_override=&#8221;ex-full&#8221;][vc_column]<div class=\"boc_spacing \" style=\"height: 32px\"><\/div>[vc_row_inner gap=&#8221;35&#8243;][vc_column_inner width=&#8221;1\/2&#8243; css=&#8221;.vc_custom_1616568361864{border-top-width: 1px !important;border-right-width: 1px !important;border-bottom-width: 1px !important;border-left-width: 1px !important;padding-top: 20px !important;padding-right: 20px !important;padding-bottom: 20px !important;padding-left: 20px !important;background-color: rgba(255,255,255,0.86) !important;*background-color: rgb(255,255,255) !important;border-left-color: #000000 !important;border-left-style: solid !important;border-right-color: #000000 !important;border-right-style: solid !important;border-top-color: #000000 !important;border-top-style: solid !important;border-bottom-color: #000000 !important;border-bottom-style: solid !important;border-radius: 10px !important;}&#8221;][vc_column_text]<\/p>\n<h1>Instal\u00b7laci\u00f3 de xarxes esportives<\/h1>\n<h2>GRAVITY WORKS \u2013 Proteccions col\u00b7lectives per a tota Catalunya (Girona, Barcelona, Tarragona, Lleida\u2026) 931 377 643<\/h2>\n<p>[\/vc_column_text]<a\thref=\"https:\/\/web.whatsapp.com\/send?phone=34622472869&#038;text=%C2%A1Hola!%20Me%20gustar%C3%ADa%20obtener%20m%C3%A1s%20informaci%C3%B3n%20sobre%20vuestros%20servicios.\" \n\t\t\t\tclass=\"button btn_medium btn_green btn_rounded btn_normal_style    \"  target='_blank'><span>Contacte per Whatsapp<\/span><\/a>[\/vc_column_inner][vc_column_inner width=&#8221;1\/2&#8243; css=&#8221;.vc_custom_1616568285658{border-top-width: 1px !important;border-right-width: 1px !important;border-bottom-width: 1px !important;border-left-width: 1px !important;padding-top: 20px !important;padding-right: 20px !important;padding-bottom: 20px !important;padding-left: 20px !important;background-color: rgba(255,255,255,0.86) !important;*background-color: rgb(255,255,255) !important;border-left-color: #000000 !important;border-left-style: solid !important;border-right-color: #000000 !important;border-right-style: solid !important;border-top-color: #000000 !important;border-top-style: solid !important;border-bottom-color: #000000 !important;border-bottom-style: solid !important;border-radius: 10px !important;}&#8221;][vc_column_text]<\/p>\n<h2>Formulari de contacte<\/h2>\n<p>[\/vc_column_text]\n<div class=\"wpcf7 no-js\" id=\"wpcf7-f822-o1\" lang=\"es-ES\" dir=\"ltr\" data-wpcf7-id=\"822\">\n<div class=\"screen-reader-response\"><p role=\"status\" aria-live=\"polite\" aria-atomic=\"true\"><\/p> <ul><\/ul><\/div>\n<form action=\"\/ca\/wp-json\/wp\/v2\/pages\/720#wpcf7-f822-o1\" method=\"post\" class=\"wpcf7-form init\" aria-label=\"Formulario de contacto\" novalidate=\"novalidate\" data-status=\"init\">\n<fieldset class=\"hidden-fields-container\"><input type=\"hidden\" name=\"_wpcf7\" value=\"822\" \/><input type=\"hidden\" name=\"_wpcf7_version\" value=\"6.1.5\" \/><input type=\"hidden\" name=\"_wpcf7_locale\" value=\"es_ES\" \/><input type=\"hidden\" name=\"_wpcf7_unit_tag\" value=\"wpcf7-f822-o1\" \/><input type=\"hidden\" name=\"_wpcf7_container_post\" value=\"0\" \/><input type=\"hidden\" name=\"_wpcf7_posted_data_hash\" value=\"\" \/><input type=\"hidden\" name=\"_wpcf7_recaptcha_response\" value=\"\" \/>\n<\/fieldset>\n<p><label> Nom<br \/>\n<span class=\"wpcf7-form-control-wrap\" data-name=\"your-name\"><input size=\"40\" maxlength=\"400\" class=\"wpcf7-form-control wpcf7-text wpcf7-validates-as-required\" aria-required=\"true\" aria-invalid=\"false\" value=\"\" type=\"text\" name=\"your-name\" \/><\/span> <\/label>\n<\/p>\n<p><label> Correu electr\u00f2nic<br \/>\n<span class=\"wpcf7-form-control-wrap\" data-name=\"your-email\"><input size=\"40\" maxlength=\"400\" class=\"wpcf7-form-control wpcf7-email wpcf7-validates-as-required wpcf7-text wpcf7-validates-as-email\" aria-required=\"true\" aria-invalid=\"false\" value=\"\" type=\"email\" name=\"your-email\" \/><\/span> <\/label>\n<\/p>\n<p><label> Tel\u00e8fon<br \/>\n<span class=\"wpcf7-form-control-wrap\" data-name=\"tel-416\"><input size=\"40\" maxlength=\"400\" class=\"wpcf7-form-control wpcf7-tel wpcf7-validates-as-required wpcf7-text wpcf7-validates-as-tel\" aria-required=\"true\" aria-invalid=\"false\" value=\"\" type=\"tel\" name=\"tel-416\" \/><\/span><br \/>\n<\/label>\n<\/p>\n<p><label> Missatge<br \/>\n<span class=\"wpcf7-form-control-wrap\" data-name=\"your-message\"><textarea cols=\"40\" rows=\"10\" maxlength=\"2000\" class=\"wpcf7-form-control wpcf7-textarea\" aria-invalid=\"false\" name=\"your-message\"><\/textarea><\/span> <\/label>\n<\/p>\n<span class=\"wpcf7-form-control-wrap recaptcha\" data-name=\"recaptcha\"><span data-sitekey=\"6Ldg140gAAAAAM86VR8_9OFI2637HC1G8EuK1ffN\" class=\"wpcf7-form-control wpcf7-recaptcha g-recaptcha\"><\/span>\r\n<noscript>\r\n\t<div class=\"grecaptcha-noscript\">\r\n\t\t<iframe loading=\"lazy\" src=\"https:\/\/www.google.com\/recaptcha\/api\/fallback?k=6Ldg140gAAAAAM86VR8_9OFI2637HC1G8EuK1ffN\" frameborder=\"0\" scrolling=\"no\" width=\"310\" height=\"430\">\r\n\t\t<\/iframe>\r\n\t\t<textarea name=\"g-recaptcha-response\" rows=\"3\" cols=\"40\" placeholder=\"Aqu\u00ed la respuesta de reCAPTCHA\">\r\n\t\t<\/textarea>\r\n\t<\/div>\r\n<\/noscript>\r\n<\/span>\n<p><span class=\"wpcf7-form-control-wrap\" data-name=\"checkbox-543\"><span class=\"wpcf7-form-control wpcf7-checkbox wpcf7-validates-as-required\"><span class=\"wpcf7-list-item first last\"><input type=\"checkbox\" name=\"checkbox-543[]\" value=\"He llegit i accepto l&#039;\" \/><span class=\"wpcf7-list-item-label\">He llegit i accepto l&#039;<\/span><\/span><\/span><\/span><a href=\"\/aviso-legal\/\">av\u00eds legal.<\/a>\n<\/p>\n<p><span class=\"wpcf7-form-control-wrap\" data-name=\"checkbox-5432\"><span class=\"wpcf7-form-control wpcf7-checkbox wpcf7-validates-as-required\"><span class=\"wpcf7-list-item first last\"><input type=\"checkbox\" name=\"checkbox-5432[]\" value=\"Accepto l&#039;enviament d&#039;informaci\u00f3.\" \/><span class=\"wpcf7-list-item-label\">Accepto l&#039;enviament d&#039;informaci\u00f3.<\/span><\/span><\/span><\/span>\n<\/p>\n<p><input class=\"wpcf7-form-control wpcf7-submit has-spinner\" type=\"submit\" value=\"Enviar\" \/>\n<\/p><div class=\"wpcf7-response-output\" aria-hidden=\"true\"><\/div>\n<\/form>\n<\/div>\n[\/vc_column_inner][\/vc_row_inner]<div class=\"boc_spacing \" style=\"height: 32px\"><\/div>[\/vc_column][\/vc_row][vc_row][vc_column]<div class=\"boc_spacing \" style=\"height: 32px\"><\/div>[vc_column_text]<\/p>\n<p style=\"text-align: justify;\"><strong><img loading=\"lazy\" decoding=\"async\" class=\" wp-image-64 alignleft\" src=\"\/wp-content\/uploads\/2021\/08\/IMG-20160917-WA0020.jpg\" alt=\"\" width=\"219\" height=\"388\" \/><\/strong><\/p>\n<p style=\"text-align: justify;\">Un dels serveis que desenvolupem en la nostra empresa especialitzada en la protecci\u00f3 i seguretat de qualsevol mena d&#8217;obra, reforma o rehabilitaci\u00f3, sigui del car\u00e0cter que sigui, \u00e9s el de la instal\u00b7laci\u00f3 de xarxes esportives.<\/p>\n<p style=\"text-align: justify;\">Amb professionals amb m\u00e9s de 20 anys d&#8217;experi\u00e8ncia en el sector de la protecci\u00f3 i la seguretat en el m\u00f3n de la construcci\u00f3, i com a empresa pionera a desenvolupar els millors sistemes de seguretat col\u00b7lectiva, el servei en instal\u00b7laci\u00f3 de xarxes esportives ha sofert una important proliferaci\u00f3.<\/p>\n<p style=\"text-align: justify;\">El m\u00f3n de l&#8217;esport cada vegada es troba m\u00e9s present en totes les esferes socials. La seva implicaci\u00f3 \u00e9s tal que, a nivell professional, s\u00f3n milers de milions la quantitat de persones (i de diners) que es veuen immiscides en tal activitat. Per\u00f2 el m\u00e9s important \u00e9s que, sigui com sigui aquesta activitat, davant la necessitat de desenvolupar treballs verticals que necessitin de la deguda protecci\u00f3, o d&#8217;altres treballs que requereixin dels m\u00e8todes i procediments oferts per una empresa com Gravity Works, es confi\u00ef en ella i s&#8217;efectu\u00ef el compliment de la normativa corresponent que mereix una activitat tan admirada i multitudin\u00e0ria.<\/p>\n<p style=\"text-align: justify;\">En la instal\u00b7laci\u00f3 de xarxes esportives, per exemple, us oferim tots els avantatges d&#8217;un treball de qualitat, rigor\u00f3s, comprom\u00e8s i responsable, dut a terme per una empresa que va n\u00e9ixer de la passi\u00f3 i vocaci\u00f3 que sentim tots i cadascun dels seus integrants per exercir aquesta tasca de vital import\u00e0ncia per al conseg\u00fcent desenvolupament de tota edificaci\u00f3 o projecte de reforma. Despr\u00e9s d&#8217;aquestes m\u00e9s de dues d\u00e8cades al capdavant del m\u00f3n de la seguretat i la protecci\u00f3 en tota mena de construccions i edificacions, en Gravity Works, fonamentem la nostra labor i els diferents sistemes de seguretat que instaurem, al compliment d&#8217;una normativa espec\u00edfica, que no sols vela per la vida de les persones que permeten que aquestes pengin d&#8217;un fil, sin\u00f3 que acredita la qualitat d&#8217;aquests m\u00e8todes emprados i de la seva instal\u00b7laci\u00f3.<\/p>\n<p style=\"text-align: justify;\"><strong><img loading=\"lazy\" decoding=\"async\" class=\"wp-image-65 alignright\" src=\"\/wp-content\/uploads\/2021\/08\/IMG-20161008-WA0031.jpg\" alt=\"\" width=\"245\" height=\"327\" \/><\/strong><\/p>\n<p style=\"text-align: justify;\">Un dels serveis que desenvolupem en la nostra empresa especialitzada en la protecci\u00f3 i seguretat de qualsevol mena d&#8217;obra, reforma o rehabilitaci\u00f3, sigui del car\u00e0cter que sigui, \u00e9s el de la instal\u00b7laci\u00f3 de xarxes esportives.<\/p>\n<p style=\"text-align: justify;\">Amb professionals amb m\u00e9s de 20 anys d&#8217;experi\u00e8ncia en el sector de la protecci\u00f3 i la seguretat en el m\u00f3n de la construcci\u00f3, i com a empresa pionera a desenvolupar els millors sistemes de seguretat col\u00b7lectiva, el servei en instal\u00b7laci\u00f3 de xarxes esportives ha sofert una important proliferaci\u00f3.<\/p>\n<p style=\"text-align: justify;\">El m\u00f3n de l&#8217;esport cada vegada es troba m\u00e9s present en totes les esferes socials. La seva implicaci\u00f3 \u00e9s tal que, a nivell professional, s\u00f3n milers de milions la quantitat de persones (i de diners) que es veuen immiscides en tal activitat. Per\u00f2 el m\u00e9s important \u00e9s que, sigui com sigui aquesta activitat, davant la necessitat de desenvolupar treballs verticals que necessitin de la deguda protecci\u00f3, o d&#8217;altres treballs que requereixin dels m\u00e8todes i procediments oferts per una empresa com Gravity Works, es confi\u00ef en ella i s&#8217;efectu\u00ef el compliment de la normativa corresponent que mereix una activitat tan admirada i multitudin\u00e0ria.<\/p>\n<p style=\"text-align: justify;\">Aquest comprom\u00eds amb la gesti\u00f3 dels riscos ens brinda la possibilitat de dur a terme la nostra tasca en treballs verticals, la protecci\u00f3, com en la instal\u00b7laci\u00f3 de xarxes esportives; d&#8217;una manera m\u00e9s efica\u00e7, maximitzant les oportunitats i minimitzant les p\u00e8rdues. Un factor imprescindible per al seu \u00e8xit, i que com a empresa especialitzada, hem de garantir.<\/p>\n<p style=\"text-align: justify;\">En el desenvolupament de la majoria de treballs verticals existeixen perills que, sense la deguda mesura i control, poden provocar danys irreparables. En Gravity Works hem estat testimonis d&#8217;incidents d&#8217;aquestes caracter\u00edstiques, com en la instal\u00b7laci\u00f3 de xarxes esportives, i \u00e9s per aquesta ra\u00f3, perqu\u00e8 nosaltres mateixos hem arribat a sofrir les conseq\u00fc\u00e8ncies d&#8217;accidents desafortunats; que des de Gravity Works volem transmetre-us tota la confian\u00e7a en els materials que utilitzem i instal\u00b7lem, aix\u00ed com en els professionals de la nostra empresa que garantiran la integritat del treball, com en la instal\u00b7laci\u00f3 de xarxes esportives.<\/p>\n<p style=\"text-align: justify;\">Colegis, instituts, clubs esportius, ajuntaments\u2026 Si necessiteu instal\u00b7lar xarxes esportives de qualitat, rebent l&#8217;atenci\u00f3 d&#8217;un grup de professionals que faran el seu treball degudament, Gravity Works.<\/p>\n<p>[\/vc_column_text]<div class=\"boc_spacing \" style=\"height: 32px\"><\/div>[\/vc_column][\/vc_row]<\/p>\n<\/div>","protected":false},"excerpt":{"rendered":"<p>[vc_row bg_type=&#8221;image&#8221; bg_image_new=&#8221;395&#8243; bg_override=&#8221;ex-full&#8221;][vc_column][vc_row_inner gap=&#8221;35&#8243;][vc_column_inner width=&#8221;1\/2&#8243; css=&#8221;.vc_custom_1616568361864{border-top-width: 1px !important;border-right-width: 1px !important;border-bottom-width: 1px !important;border-left-width: 1px !important;padding-top: 20px !important;padding-right: 20px !important;padding-bottom: 20px !important;padding-left: 20px !important;background-color: rgba(255,255,255,0.86) !important;*background-color: rgb(255,255,255) !important;border-left-color: #000000 !important;border-left-style: solid !important;border-right-color: #000000 !important;border-right-style: solid !important;border-top-color: #000000 !important;border-top-style: solid !important;border-bottom-color: #000000 !important;border-bottom-style: solid !important;border-radius: 10px !important;}&#8221;][vc_column_text] Instal\u00b7laci\u00f3 de xarxes esportives GRAVITY WORKS \u2013 Proteccions col\u00b7lectives per a tota Catalunya (Girona, Barcelona,<\/p>\n<div class=\"h10\"><\/div>\n<p><a class=\"more-link1\" href=\"https:\/\/gravityworks.eu\/ca\/instal%c2%b7lacio-xarxes-esportives\/\">Read more<\/a><\/p>\n","protected":false},"author":1,"featured_media":0,"parent":0,"menu_order":0,"comment_status":"closed","ping_status":"closed","template":"","meta":{"footnotes":""},"class_list":["post-720","page","type-page","status-publish","hentry"],"yoast_head":"<!-- This site is optimized with the Yoast SEO plugin v27.0 - https:\/\/yoast.com\/product\/yoast-seo-wordpress\/ -->\n<title>Instal\u00b7laci\u00f3 de xarxes esportives - GRAVITY WORKS: PROTECCIONES COLECTIVAS<\/title>\n<meta name=\"robots\" content=\"index, follow, max-snippet:-1, max-image-preview:large, max-video-preview:-1\" \/>\n<link rel=\"canonical\" href=\"https:\/\/gravityworks.eu\/ca\/instal\u00b7lacio-xarxes-esportives\/\" \/>\n<meta property=\"og:locale\" content=\"ca_ES\" \/>\n<meta property=\"og:type\" content=\"article\" \/>\n<meta property=\"og:title\" content=\"Instal\u00b7laci\u00f3 de xarxes esportives - GRAVITY WORKS: PROTECCIONES COLECTIVAS\" \/>\n<meta property=\"og:description\" content=\"[vc_row bg_type=&#8221;image&#8221; bg_image_new=&#8221;395&#8243; bg_override=&#8221;ex-full&#8221;][vc_column][vc_row_inner gap=&#8221;35&#8243;][vc_column_inner width=&#8221;1\/2&#8243; css=&#8221;.vc_custom_1616568361864{border-top-width: 1px !important;border-right-width: 1px !important;border-bottom-width: 1px !important;border-left-width: 1px !important;padding-top: 20px !important;padding-right: 20px !important;padding-bottom: 20px !important;padding-left: 20px !important;background-color: rgba(255,255,255,0.86) !important;*background-color: rgb(255,255,255) !important;border-left-color: #000000 !important;border-left-style: solid !important;border-right-color: #000000 !important;border-right-style: solid !important;border-top-color: #000000 !important;border-top-style: solid !important;border-bottom-color: #000000 !important;border-bottom-style: solid !important;border-radius: 10px !important;}&#8221;][vc_column_text] Instal\u00b7laci\u00f3 de xarxes esportives GRAVITY WORKS \u2013 Proteccions col\u00b7lectives per a tota Catalunya (Girona, Barcelona,Read more\" \/>\n<meta property=\"og:url\" content=\"https:\/\/gravityworks.eu\/ca\/instal\u00b7lacio-xarxes-esportives\/\" \/>\n<meta property=\"og:site_name\" content=\"GRAVITY WORKS: PROTECCIONES COLECTIVAS\" \/>\n<meta property=\"article:modified_time\" content=\"2025-01-16T11:13:06+00:00\" \/>\n<meta name=\"twitter:card\" content=\"summary_large_image\" \/>\n<meta name=\"twitter:label1\" content=\"Temps estimat de lectura\" \/>\n\t<meta name=\"twitter:data1\" content=\"5 minuts\" \/>\n<script type=\"application\/ld+json\" class=\"yoast-schema-graph\">{\"@context\":\"https:\/\/schema.org\",\"@graph\":[{\"@type\":\"WebPage\",\"@id\":\"https:\/\/gravityworks.eu\/ca\/instal%c2%b7lacio-xarxes-esportives\/\",\"url\":\"https:\/\/gravityworks.eu\/ca\/instal%c2%b7lacio-xarxes-esportives\/\",\"name\":\"Instal\u00b7laci\u00f3 de xarxes esportives - GRAVITY WORKS: PROTECCIONES COLECTIVAS\",\"isPartOf\":{\"@id\":\"https:\/\/gravityworks.eu\/#website\"},\"datePublished\":\"2022-02-02T11:33:05+00:00\",\"dateModified\":\"2025-01-16T11:13:06+00:00\",\"breadcrumb\":{\"@id\":\"https:\/\/gravityworks.eu\/ca\/instal%c2%b7lacio-xarxes-esportives\/#breadcrumb\"},\"inLanguage\":\"ca\",\"potentialAction\":[{\"@type\":\"ReadAction\",\"target\":[\"https:\/\/gravityworks.eu\/ca\/instal%c2%b7lacio-xarxes-esportives\/\"]}]},{\"@type\":\"BreadcrumbList\",\"@id\":\"https:\/\/gravityworks.eu\/ca\/instal%c2%b7lacio-xarxes-esportives\/#breadcrumb\",\"itemListElement\":[{\"@type\":\"ListItem\",\"position\":1,\"name\":\"Portada\",\"item\":\"https:\/\/gravityworks.eu\/ca\/\"},{\"@type\":\"ListItem\",\"position\":2,\"name\":\"Instal\u00b7laci\u00f3 de xarxes esportives\"}]},{\"@type\":\"WebSite\",\"@id\":\"https:\/\/gravityworks.eu\/#website\",\"url\":\"https:\/\/gravityworks.eu\/\",\"name\":\"GRAVITY WORKS: PROTECCIONES COLECTIVAS\",\"description\":\"Instalaci\u00f3n de redes, protecciones colectivas, trabajos en alturas, redes deportivas, se\u00f1alizaci\u00f3n y balizamiento...\",\"potentialAction\":[{\"@type\":\"SearchAction\",\"target\":{\"@type\":\"EntryPoint\",\"urlTemplate\":\"https:\/\/gravityworks.eu\/?s={search_term_string}\"},\"query-input\":{\"@type\":\"PropertyValueSpecification\",\"valueRequired\":true,\"valueName\":\"search_term_string\"}}],\"inLanguage\":\"ca\"}]}<\/script>\n<!-- \/ Yoast SEO plugin. -->","yoast_head_json":{"title":"Instal\u00b7laci\u00f3 de xarxes esportives - GRAVITY WORKS: PROTECCIONES COLECTIVAS","robots":{"index":"index","follow":"follow","max-snippet":"max-snippet:-1","max-image-preview":"max-image-preview:large","max-video-preview":"max-video-preview:-1"},"canonical":"https:\/\/gravityworks.eu\/ca\/instal\u00b7lacio-xarxes-esportives\/","og_locale":"ca_ES","og_type":"article","og_title":"Instal\u00b7laci\u00f3 de xarxes esportives - GRAVITY WORKS: PROTECCIONES COLECTIVAS","og_description":"[vc_row bg_type=&#8221;image&#8221; bg_image_new=&#8221;395&#8243; bg_override=&#8221;ex-full&#8221;][vc_column][vc_row_inner gap=&#8221;35&#8243;][vc_column_inner width=&#8221;1\/2&#8243; css=&#8221;.vc_custom_1616568361864{border-top-width: 1px !important;border-right-width: 1px !important;border-bottom-width: 1px !important;border-left-width: 1px !important;padding-top: 20px !important;padding-right: 20px !important;padding-bottom: 20px !important;padding-left: 20px !important;background-color: rgba(255,255,255,0.86) !important;*background-color: rgb(255,255,255) !important;border-left-color: #000000 !important;border-left-style: solid !important;border-right-color: #000000 !important;border-right-style: solid !important;border-top-color: #000000 !important;border-top-style: solid !important;border-bottom-color: #000000 !important;border-bottom-style: solid !important;border-radius: 10px !important;}&#8221;][vc_column_text] Instal\u00b7laci\u00f3 de xarxes esportives GRAVITY WORKS \u2013 Proteccions col\u00b7lectives per a tota Catalunya (Girona, Barcelona,Read more","og_url":"https:\/\/gravityworks.eu\/ca\/instal\u00b7lacio-xarxes-esportives\/","og_site_name":"GRAVITY WORKS: PROTECCIONES COLECTIVAS","article_modified_time":"2025-01-16T11:13:06+00:00","twitter_card":"summary_large_image","twitter_misc":{"Temps estimat de lectura":"5 minuts"},"schema":{"@context":"https:\/\/schema.org","@graph":[{"@type":"WebPage","@id":"https:\/\/gravityworks.eu\/ca\/instal%c2%b7lacio-xarxes-esportives\/","url":"https:\/\/gravityworks.eu\/ca\/instal%c2%b7lacio-xarxes-esportives\/","name":"Instal\u00b7laci\u00f3 de xarxes esportives - GRAVITY WORKS: PROTECCIONES COLECTIVAS","isPartOf":{"@id":"https:\/\/gravityworks.eu\/#website"},"datePublished":"2022-02-02T11:33:05+00:00","dateModified":"2025-01-16T11:13:06+00:00","breadcrumb":{"@id":"https:\/\/gravityworks.eu\/ca\/instal%c2%b7lacio-xarxes-esportives\/#breadcrumb"},"inLanguage":"ca","potentialAction":[{"@type":"ReadAction","target":["https:\/\/gravityworks.eu\/ca\/instal%c2%b7lacio-xarxes-esportives\/"]}]},{"@type":"BreadcrumbList","@id":"https:\/\/gravityworks.eu\/ca\/instal%c2%b7lacio-xarxes-esportives\/#breadcrumb","itemListElement":[{"@type":"ListItem","position":1,"name":"Portada","item":"https:\/\/gravityworks.eu\/ca\/"},{"@type":"ListItem","position":2,"name":"Instal\u00b7laci\u00f3 de xarxes esportives"}]},{"@type":"WebSite","@id":"https:\/\/gravityworks.eu\/#website","url":"https:\/\/gravityworks.eu\/","name":"GRAVITY WORKS: PROTECCIONES COLECTIVAS","description":"Instalaci\u00f3n de redes, protecciones colectivas, trabajos en alturas, redes deportivas, se\u00f1alizaci\u00f3n y balizamiento...","potentialAction":[{"@type":"SearchAction","target":{"@type":"EntryPoint","urlTemplate":"https:\/\/gravityworks.eu\/?s={search_term_string}"},"query-input":{"@type":"PropertyValueSpecification","valueRequired":true,"valueName":"search_term_string"}}],"inLanguage":"ca"}]}},"_links":{"self":[{"href":"https:\/\/gravityworks.eu\/ca\/wp-json\/wp\/v2\/pages\/720","targetHints":{"allow":["GET"]}}],"collection":[{"href":"https:\/\/gravityworks.eu\/ca\/wp-json\/wp\/v2\/pages"}],"about":[{"href":"https:\/\/gravityworks.eu\/ca\/wp-json\/wp\/v2\/types\/page"}],"author":[{"embeddable":true,"href":"https:\/\/gravityworks.eu\/ca\/wp-json\/wp\/v2\/users\/1"}],"replies":[{"embeddable":true,"href":"https:\/\/gravityworks.eu\/ca\/wp-json\/wp\/v2\/comments?post=720"}],"version-history":[{"count":6,"href":"https:\/\/gravityworks.eu\/ca\/wp-json\/wp\/v2\/pages\/720\/revisions"}],"predecessor-version":[{"id":1413,"href":"https:\/\/gravityworks.eu\/ca\/wp-json\/wp\/v2\/pages\/720\/revisions\/1413"}],"wp:attachment":[{"href":"https:\/\/gravityworks.eu\/ca\/wp-json\/wp\/v2\/media?parent=720"}],"curies":[{"name":"wp","href":"https:\/\/api.w.org\/{rel}","templated":true}]}}