{"id":735,"date":"2022-02-02T11:39:12","date_gmt":"2022-02-02T11:39:12","guid":{"rendered":"http:\/\/gravityworks.cursowebonline.es\/?page_id=735"},"modified":"2025-01-16T11:41:28","modified_gmt":"2025-01-16T11:41:28","slug":"proteccio-en-edificacio-barcelona","status":"publish","type":"page","link":"https:\/\/gravityworks.eu\/ca\/serveis\/proteccio-en-edificacions\/proteccio-en-edificacio-barcelona\/","title":{"rendered":"Protecci\u00f3 en edificaci\u00f3 Barcelona"},"content":{"rendered":"<div class=\"wpb-content-wrapper\"><p>[vc_row bg_type=&#8221;image&#8221; bg_image_new=&#8221;61&#8243; bg_override=&#8221;ex-full&#8221;][vc_column]<div class=\"boc_spacing \" style=\"height: 32px\"><\/div>[vc_row_inner gap=&#8221;35&#8243;][vc_column_inner width=&#8221;1\/2&#8243; css=&#8221;.vc_custom_1616568361864{border-top-width: 1px !important;border-right-width: 1px !important;border-bottom-width: 1px !important;border-left-width: 1px !important;padding-top: 20px !important;padding-right: 20px !important;padding-bottom: 20px !important;padding-left: 20px !important;background-color: rgba(255,255,255,0.86) !important;*background-color: rgb(255,255,255) !important;border-left-color: #000000 !important;border-left-style: solid !important;border-right-color: #000000 !important;border-right-style: solid !important;border-top-color: #000000 !important;border-top-style: solid !important;border-bottom-color: #000000 !important;border-bottom-style: solid !important;border-radius: 10px !important;}&#8221;][vc_column_text css=&#8221;.vc_custom_1737027685692{margin-right: 100px !important;}&#8221;]<\/p>\n<div class=\"page-title\">\n<div class=\"container\">\n<h1>Protecci\u00f3 en edificaci\u00f3<\/h1>\n<h1>Barcelona<\/h1>\n<\/div>\n<\/div>\n<h2>GRAVITY WORKS \u2013 Proteccions col\u00b7lectives per a tota Catalunya(Girona, Barcelona, Tarragona, Lleida\u2026) 931 377 643<\/h2>\n<p>[\/vc_column_text]<a\thref=\"\/\" \n\t\t\t\tclass=\"button btn_medium btn_green btn_rounded btn_normal_style    \"  target='_blank'><span>Contacte per Whatsapp<\/span><\/a>[\/vc_column_inner][vc_column_inner width=&#8221;1\/2&#8243; css=&#8221;.vc_custom_1616568285658{border-top-width: 1px !important;border-right-width: 1px !important;border-bottom-width: 1px !important;border-left-width: 1px !important;padding-top: 20px !important;padding-right: 20px !important;padding-bottom: 20px !important;padding-left: 20px !important;background-color: rgba(255,255,255,0.86) !important;*background-color: rgb(255,255,255) !important;border-left-color: #000000 !important;border-left-style: solid !important;border-right-color: #000000 !important;border-right-style: solid !important;border-top-color: #000000 !important;border-top-style: solid !important;border-bottom-color: #000000 !important;border-bottom-style: solid !important;border-radius: 10px !important;}&#8221;][vc_column_text]<\/p>\n<h2>Formulari de contacte<\/h2>\n<p>[\/vc_column_text]\n<div class=\"wpcf7 no-js\" id=\"wpcf7-f8-o1\" lang=\"es-ES\" dir=\"ltr\" data-wpcf7-id=\"8\">\n<div class=\"screen-reader-response\"><p role=\"status\" aria-live=\"polite\" aria-atomic=\"true\"><\/p> <ul><\/ul><\/div>\n<form action=\"\/ca\/wp-json\/wp\/v2\/pages\/735#wpcf7-f8-o1\" method=\"post\" class=\"wpcf7-form init\" aria-label=\"Formulario de contacto\" novalidate=\"novalidate\" data-status=\"init\">\n<fieldset class=\"hidden-fields-container\"><input type=\"hidden\" name=\"_wpcf7\" value=\"8\" \/><input type=\"hidden\" name=\"_wpcf7_version\" value=\"6.1.5\" \/><input type=\"hidden\" name=\"_wpcf7_locale\" value=\"es_ES\" \/><input type=\"hidden\" name=\"_wpcf7_unit_tag\" value=\"wpcf7-f8-o1\" \/><input type=\"hidden\" name=\"_wpcf7_container_post\" value=\"0\" \/><input type=\"hidden\" name=\"_wpcf7_posted_data_hash\" value=\"\" \/><input type=\"hidden\" name=\"_wpcf7_recaptcha_response\" value=\"\" \/>\n<\/fieldset>\n<p><label> Nombre<br \/>\n<span class=\"wpcf7-form-control-wrap\" data-name=\"your-name\"><input size=\"40\" maxlength=\"400\" class=\"wpcf7-form-control wpcf7-text wpcf7-validates-as-required\" aria-required=\"true\" aria-invalid=\"false\" value=\"\" type=\"text\" name=\"your-name\" \/><\/span> <\/label>\n<\/p>\n<p><label> Correo electr\u00f3nico<br \/>\n<span class=\"wpcf7-form-control-wrap\" data-name=\"your-email\"><input size=\"40\" maxlength=\"400\" class=\"wpcf7-form-control wpcf7-email wpcf7-validates-as-required wpcf7-text wpcf7-validates-as-email\" aria-required=\"true\" aria-invalid=\"false\" value=\"\" type=\"email\" name=\"your-email\" \/><\/span> <\/label>\n<\/p>\n<p><label> Tel\u00e9fono<br \/>\n<span class=\"wpcf7-form-control-wrap\" data-name=\"tel-416\"><input size=\"40\" maxlength=\"400\" class=\"wpcf7-form-control wpcf7-tel wpcf7-validates-as-required wpcf7-text wpcf7-validates-as-tel\" aria-required=\"true\" aria-invalid=\"false\" value=\"\" type=\"tel\" name=\"tel-416\" \/><\/span><br \/>\n<\/label>\n<\/p>\n<p><label> Mensaje<br \/>\n<span class=\"wpcf7-form-control-wrap\" data-name=\"your-message\"><textarea cols=\"40\" rows=\"10\" maxlength=\"2000\" class=\"wpcf7-form-control wpcf7-textarea\" aria-invalid=\"false\" name=\"your-message\"><\/textarea><\/span> <\/label>\n<\/p>\n<span class=\"wpcf7-form-control-wrap recaptcha\" data-name=\"recaptcha\"><span data-sitekey=\"6Ldg140gAAAAAM86VR8_9OFI2637HC1G8EuK1ffN\" class=\"wpcf7-form-control wpcf7-recaptcha g-recaptcha\"><\/span>\r\n<noscript>\r\n\t<div class=\"grecaptcha-noscript\">\r\n\t\t<iframe loading=\"lazy\" src=\"https:\/\/www.google.com\/recaptcha\/api\/fallback?k=6Ldg140gAAAAAM86VR8_9OFI2637HC1G8EuK1ffN\" frameborder=\"0\" scrolling=\"no\" width=\"310\" height=\"430\">\r\n\t\t<\/iframe>\r\n\t\t<textarea name=\"g-recaptcha-response\" rows=\"3\" cols=\"40\" placeholder=\"Aqu\u00ed la respuesta de reCAPTCHA\">\r\n\t\t<\/textarea>\r\n\t<\/div>\r\n<\/noscript>\r\n<\/span>\n<p><span class=\"wpcf7-form-control-wrap\" data-name=\"checkbox-543\"><span class=\"wpcf7-form-control wpcf7-checkbox wpcf7-validates-as-required\"><span class=\"wpcf7-list-item first last\"><input type=\"checkbox\" name=\"checkbox-543[]\" value=\"He le\u00eddo y acepto el\" \/><span class=\"wpcf7-list-item-label\">He le\u00eddo y acepto el<\/span><\/span><\/span><\/span><a href=\"\/aviso-legal\/\">aviso legal.<\/a>\n<\/p>\n<p><span class=\"wpcf7-form-control-wrap\" data-name=\"checkbox-5432\"><span class=\"wpcf7-form-control wpcf7-checkbox wpcf7-validates-as-required\"><span class=\"wpcf7-list-item first last\"><input type=\"checkbox\" name=\"checkbox-5432[]\" value=\"Acepto el env\u00edo de informaci\u00f3n\" \/><span class=\"wpcf7-list-item-label\">Acepto el env\u00edo de informaci\u00f3n<\/span><\/span><\/span><\/span>\n<\/p>\n<p><input class=\"wpcf7-form-control wpcf7-submit has-spinner\" type=\"submit\" value=\"Enviar\" \/>\n<\/p><div class=\"wpcf7-response-output\" aria-hidden=\"true\"><\/div>\n<\/form>\n<\/div>\n[\/vc_column_inner][\/vc_row_inner]<div class=\"boc_spacing \" style=\"height: 32px\"><\/div>[\/vc_column][\/vc_row][vc_row gap=&#8221;15&#8243;][vc_column width=&#8221;1\/2&#8243;]<div class=\"boc_spacing \" style=\"height: 32px\"><\/div>[vc_column_text]En el sector de la construcci\u00f3, fent refer\u00e8ncia a un dels pilars que han de sustentar-la, hem de parar esment a un factor necessari i indispensable: garantir la protecci\u00f3 i seguretat de tota edificaci\u00f3. No parlem nom\u00e9s com a habitants finals de l&#8217;obra, sin\u00f3 com a participants d&#8217;aquesta, i \u00e9s que per a gaudir de la m\u00e0xima confian\u00e7a i tranquil\u00b7litat que aquella edificaci\u00f3 s&#8217;ha realitzat sota els deguts criteris de seguretat i protecci\u00f3, i seguint les estrictes normes de seguretat en edificaci\u00f3 corresponents, cal vetllar per aix\u00f2, i aix\u00f2 \u00e9s pel que vetllem en Gravity Works.Gravity Works, \u00e9s una empresa especialitzada en la protecci\u00f3 de qualsevol mena d&#8217;obra, reforma o rehabilitaci\u00f3 i en seguretat en edificacions a Barcelona, nascuda l&#8217;any 2014 i integrada per professionals amb m\u00e9s de 20 anys d&#8217;experi\u00e8ncia en el m\u00f3n de la construcci\u00f3, provinents d&#8217;una de les empreses pioneres en protecci\u00f3 i seguretat en edificaci\u00f3 col\u00b7lectiva del pa\u00eds.<\/p>\n<p>La protecci\u00f3 i la seguretat en qualsevol projecte d&#8217;obra, o reforma, \u00e9s de vital import\u00e0ncia. A qui li agradaria rebre un cop al cap a causa del despreniment de part d&#8217;una fa\u00e7ana perqu\u00e8 els obrers que treballen en ella no l&#8217;han protegit degudament? I \u00e9s que en Gravity Works a Barcelona, per seguretat en qualsevol edificaci\u00f3, no parlem \u00fanicament de la seguretat de les persones que treballen en ella, sin\u00f3 tamb\u00e9 de la protecci\u00f3 de la gent aliena que es veu immiscida en el que ocorre en l&#8217;obra. Persones a les quals, l\u00f2gicament, no voldr\u00edem danyar i per les quals vetllem en Gravity Works, perqu\u00e8 la nostra filosofia es fonamenta en aix\u00f2: salvar vides i evitar accidents. \u00c9s per aix\u00f2 que, per a la protecci\u00f3 i seguretat de tota edificaci\u00f3 a Barcelona, en Gravity Works us assegurem la qualitat dels nostres m\u00faltiples serveis, duts a terme pel nostre equip hum\u00e0 constitu\u00eft per t\u00e8cnics i experts en el desenvolupament de treballs verticals.[\/vc_column_text][\/vc_column][vc_column width=&#8221;1\/2&#8243;][vc_single_image image=&#8221;187&#8243;][vc_single_image image=&#8221;188&#8243;][\/vc_column][\/vc_row][vc_row][vc_column]<div class=\"boc_spacing \" style=\"height: 32px\"><\/div>[\/vc_column][\/vc_row][vc_row][vc_column][vc_column_text]Comprom\u00eds, lliurament, passi\u00f3 pel nostre treball, responsabilitat, rigor\u2026 Tots ells constitueixen valors que integren el s\u00ed de la nostra labor per a vetllar per una cosa tan preuada que, simplement, no t\u00e9 preu: la vida.Tota persona valora la seva vida, i m\u00e9s que res, qualsevol persona valora i aprecia la vida i la seguretat dels altres, per aix\u00f2, en Gravity Works vetllem per exercir la nostra tasca en la seguretat de qualsevol edificaci\u00f3 a Barcelona, obra, reforma, rehabilitaci\u00f3\u2026, compromesos amb aix\u00f2 i amb l&#8217;absoluta confian\u00e7a de fer-ho de la m\u00e0 d&#8217;una empresa competent, amb els millors professionals en treballs verticals; alguna cosa que ha de prevaler en tota obra. Qualsevol gest \u00e9s poc per a la protecci\u00f3 en tota mena d&#8217;obres i edificacions, i gr\u00e0cies al nostre comprom\u00eds i a una filosofia fonamentada en la seguretat de totes i cadascuna de les vides que formen part d&#8217;aix\u00f2, ho aconseguirem.<\/p>\n<p>Gravity Works la vostra empresa de confian\u00e7a, professional i compromesa, per a la protecci\u00f3 i en la seguretat de qualsevol edificaci\u00f3 a Barcelona.[\/vc_column_text][\/vc_column][\/vc_row][vc_row][vc_column]<div class=\"boc_spacing \" style=\"height: 32px\"><\/div>[\/vc_column][\/vc_row]<\/p>\n<\/div>","protected":false},"excerpt":{"rendered":"<p>[vc_row bg_type=&#8221;image&#8221; bg_image_new=&#8221;61&#8243; bg_override=&#8221;ex-full&#8221;][vc_column][vc_row_inner gap=&#8221;35&#8243;][vc_column_inner width=&#8221;1\/2&#8243; css=&#8221;.vc_custom_1616568361864{border-top-width: 1px !important;border-right-width: 1px !important;border-bottom-width: 1px !important;border-left-width: 1px !important;padding-top: 20px !important;padding-right: 20px !important;padding-bottom: 20px !important;padding-left: 20px !important;background-color: rgba(255,255,255,0.86) !important;*background-color: rgb(255,255,255) !important;border-left-color: #000000 !important;border-left-style: solid !important;border-right-color: #000000 !important;border-right-style: solid !important;border-top-color: #000000 !important;border-top-style: solid !important;border-bottom-color: #000000 !important;border-bottom-style: solid !important;border-radius: 10px !important;}&#8221;][vc_column_text css=&#8221;.vc_custom_1737027685692{margin-right: 100px !important;}&#8221;] Protecci\u00f3 en edificaci\u00f3 Barcelona GRAVITY WORKS \u2013 Proteccions col\u00b7lectives per a tota<\/p>\n<div class=\"h10\"><\/div>\n<p><a class=\"more-link1\" href=\"https:\/\/gravityworks.eu\/ca\/serveis\/proteccio-en-edificacions\/proteccio-en-edificacio-barcelona\/\">Read more<\/a><\/p>\n","protected":false},"author":1,"featured_media":0,"parent":645,"menu_order":0,"comment_status":"closed","ping_status":"closed","template":"","meta":{"footnotes":""},"class_list":["post-735","page","type-page","status-publish","hentry"],"yoast_head":"<!-- This site is optimized with the Yoast SEO plugin v27.0 - https:\/\/yoast.com\/product\/yoast-seo-wordpress\/ -->\n<title>Protecci\u00f3 en edificaci\u00f3 Barcelona - GRAVITY WORKS: PROTECCIONES COLECTIVAS<\/title>\n<meta name=\"robots\" content=\"index, follow, max-snippet:-1, max-image-preview:large, max-video-preview:-1\" \/>\n<link rel=\"canonical\" href=\"https:\/\/gravityworks.eu\/ca\/serveis\/proteccio-en-edificacions\/proteccio-en-edificacio-barcelona\/\" \/>\n<meta property=\"og:locale\" content=\"ca_ES\" \/>\n<meta property=\"og:type\" content=\"article\" \/>\n<meta property=\"og:title\" content=\"Protecci\u00f3 en edificaci\u00f3 Barcelona - GRAVITY WORKS: PROTECCIONES COLECTIVAS\" \/>\n<meta property=\"og:description\" content=\"[vc_row bg_type=&#8221;image&#8221; bg_image_new=&#8221;61&#8243; bg_override=&#8221;ex-full&#8221;][vc_column][vc_row_inner gap=&#8221;35&#8243;][vc_column_inner width=&#8221;1\/2&#8243; css=&#8221;.vc_custom_1616568361864{border-top-width: 1px !important;border-right-width: 1px !important;border-bottom-width: 1px !important;border-left-width: 1px !important;padding-top: 20px !important;padding-right: 20px !important;padding-bottom: 20px !important;padding-left: 20px !important;background-color: rgba(255,255,255,0.86) !important;*background-color: rgb(255,255,255) !important;border-left-color: #000000 !important;border-left-style: solid !important;border-right-color: #000000 !important;border-right-style: solid !important;border-top-color: #000000 !important;border-top-style: solid !important;border-bottom-color: #000000 !important;border-bottom-style: solid !important;border-radius: 10px !important;}&#8221;][vc_column_text css=&#8221;.vc_custom_1737027685692{margin-right: 100px !important;}&#8221;] Protecci\u00f3 en edificaci\u00f3 Barcelona GRAVITY WORKS \u2013 Proteccions col\u00b7lectives per a totaRead more\" \/>\n<meta property=\"og:url\" content=\"https:\/\/gravityworks.eu\/ca\/serveis\/proteccio-en-edificacions\/proteccio-en-edificacio-barcelona\/\" \/>\n<meta property=\"og:site_name\" content=\"GRAVITY WORKS: PROTECCIONES COLECTIVAS\" \/>\n<meta property=\"article:modified_time\" content=\"2025-01-16T11:41:28+00:00\" \/>\n<meta name=\"twitter:card\" content=\"summary_large_image\" \/>\n<meta name=\"twitter:label1\" content=\"Temps estimat de lectura\" \/>\n\t<meta name=\"twitter:data1\" content=\"3 minuts\" \/>\n<script type=\"application\/ld+json\" class=\"yoast-schema-graph\">{\"@context\":\"https:\/\/schema.org\",\"@graph\":[{\"@type\":\"WebPage\",\"@id\":\"https:\/\/gravityworks.eu\/ca\/serveis\/proteccio-en-edificacions\/proteccio-en-edificacio-barcelona\/\",\"url\":\"https:\/\/gravityworks.eu\/ca\/serveis\/proteccio-en-edificacions\/proteccio-en-edificacio-barcelona\/\",\"name\":\"Protecci\u00f3 en edificaci\u00f3 Barcelona - GRAVITY WORKS: PROTECCIONES COLECTIVAS\",\"isPartOf\":{\"@id\":\"https:\/\/gravityworks.eu\/#website\"},\"datePublished\":\"2022-02-02T11:39:12+00:00\",\"dateModified\":\"2025-01-16T11:41:28+00:00\",\"breadcrumb\":{\"@id\":\"https:\/\/gravityworks.eu\/ca\/serveis\/proteccio-en-edificacions\/proteccio-en-edificacio-barcelona\/#breadcrumb\"},\"inLanguage\":\"ca\",\"potentialAction\":[{\"@type\":\"ReadAction\",\"target\":[\"https:\/\/gravityworks.eu\/ca\/serveis\/proteccio-en-edificacions\/proteccio-en-edificacio-barcelona\/\"]}]},{\"@type\":\"BreadcrumbList\",\"@id\":\"https:\/\/gravityworks.eu\/ca\/serveis\/proteccio-en-edificacions\/proteccio-en-edificacio-barcelona\/#breadcrumb\",\"itemListElement\":[{\"@type\":\"ListItem\",\"position\":1,\"name\":\"Portada\",\"item\":\"https:\/\/gravityworks.eu\/ca\/\"},{\"@type\":\"ListItem\",\"position\":2,\"name\":\"Construcci\u00f3 i ind\u00fastria\",\"item\":\"https:\/\/gravityworks.eu\/ca\/serveis\/\"},{\"@type\":\"ListItem\",\"position\":3,\"name\":\"Protecci\u00f3 en edificaci\u00f3\",\"item\":\"https:\/\/gravityworks.eu\/ca\/serveis\/proteccio-en-edificacions\/\"},{\"@type\":\"ListItem\",\"position\":4,\"name\":\"Protecci\u00f3 en edificaci\u00f3 Barcelona\"}]},{\"@type\":\"WebSite\",\"@id\":\"https:\/\/gravityworks.eu\/#website\",\"url\":\"https:\/\/gravityworks.eu\/\",\"name\":\"GRAVITY WORKS: PROTECCIONES COLECTIVAS\",\"description\":\"Instalaci\u00f3n de redes, protecciones colectivas, trabajos en alturas, redes deportivas, se\u00f1alizaci\u00f3n y balizamiento...\",\"potentialAction\":[{\"@type\":\"SearchAction\",\"target\":{\"@type\":\"EntryPoint\",\"urlTemplate\":\"https:\/\/gravityworks.eu\/?s={search_term_string}\"},\"query-input\":{\"@type\":\"PropertyValueSpecification\",\"valueRequired\":true,\"valueName\":\"search_term_string\"}}],\"inLanguage\":\"ca\"}]}<\/script>\n<!-- \/ Yoast SEO plugin. -->","yoast_head_json":{"title":"Protecci\u00f3 en edificaci\u00f3 Barcelona - GRAVITY WORKS: PROTECCIONES COLECTIVAS","robots":{"index":"index","follow":"follow","max-snippet":"max-snippet:-1","max-image-preview":"max-image-preview:large","max-video-preview":"max-video-preview:-1"},"canonical":"https:\/\/gravityworks.eu\/ca\/serveis\/proteccio-en-edificacions\/proteccio-en-edificacio-barcelona\/","og_locale":"ca_ES","og_type":"article","og_title":"Protecci\u00f3 en edificaci\u00f3 Barcelona - GRAVITY WORKS: PROTECCIONES COLECTIVAS","og_description":"[vc_row bg_type=&#8221;image&#8221; bg_image_new=&#8221;61&#8243; bg_override=&#8221;ex-full&#8221;][vc_column][vc_row_inner gap=&#8221;35&#8243;][vc_column_inner width=&#8221;1\/2&#8243; css=&#8221;.vc_custom_1616568361864{border-top-width: 1px !important;border-right-width: 1px !important;border-bottom-width: 1px !important;border-left-width: 1px !important;padding-top: 20px !important;padding-right: 20px !important;padding-bottom: 20px !important;padding-left: 20px !important;background-color: rgba(255,255,255,0.86) !important;*background-color: rgb(255,255,255) !important;border-left-color: #000000 !important;border-left-style: solid !important;border-right-color: #000000 !important;border-right-style: solid !important;border-top-color: #000000 !important;border-top-style: solid !important;border-bottom-color: #000000 !important;border-bottom-style: solid !important;border-radius: 10px !important;}&#8221;][vc_column_text css=&#8221;.vc_custom_1737027685692{margin-right: 100px !important;}&#8221;] Protecci\u00f3 en edificaci\u00f3 Barcelona GRAVITY WORKS \u2013 Proteccions col\u00b7lectives per a totaRead more","og_url":"https:\/\/gravityworks.eu\/ca\/serveis\/proteccio-en-edificacions\/proteccio-en-edificacio-barcelona\/","og_site_name":"GRAVITY WORKS: PROTECCIONES COLECTIVAS","article_modified_time":"2025-01-16T11:41:28+00:00","twitter_card":"summary_large_image","twitter_misc":{"Temps estimat de lectura":"3 minuts"},"schema":{"@context":"https:\/\/schema.org","@graph":[{"@type":"WebPage","@id":"https:\/\/gravityworks.eu\/ca\/serveis\/proteccio-en-edificacions\/proteccio-en-edificacio-barcelona\/","url":"https:\/\/gravityworks.eu\/ca\/serveis\/proteccio-en-edificacions\/proteccio-en-edificacio-barcelona\/","name":"Protecci\u00f3 en edificaci\u00f3 Barcelona - GRAVITY WORKS: PROTECCIONES COLECTIVAS","isPartOf":{"@id":"https:\/\/gravityworks.eu\/#website"},"datePublished":"2022-02-02T11:39:12+00:00","dateModified":"2025-01-16T11:41:28+00:00","breadcrumb":{"@id":"https:\/\/gravityworks.eu\/ca\/serveis\/proteccio-en-edificacions\/proteccio-en-edificacio-barcelona\/#breadcrumb"},"inLanguage":"ca","potentialAction":[{"@type":"ReadAction","target":["https:\/\/gravityworks.eu\/ca\/serveis\/proteccio-en-edificacions\/proteccio-en-edificacio-barcelona\/"]}]},{"@type":"BreadcrumbList","@id":"https:\/\/gravityworks.eu\/ca\/serveis\/proteccio-en-edificacions\/proteccio-en-edificacio-barcelona\/#breadcrumb","itemListElement":[{"@type":"ListItem","position":1,"name":"Portada","item":"https:\/\/gravityworks.eu\/ca\/"},{"@type":"ListItem","position":2,"name":"Construcci\u00f3 i ind\u00fastria","item":"https:\/\/gravityworks.eu\/ca\/serveis\/"},{"@type":"ListItem","position":3,"name":"Protecci\u00f3 en edificaci\u00f3","item":"https:\/\/gravityworks.eu\/ca\/serveis\/proteccio-en-edificacions\/"},{"@type":"ListItem","position":4,"name":"Protecci\u00f3 en edificaci\u00f3 Barcelona"}]},{"@type":"WebSite","@id":"https:\/\/gravityworks.eu\/#website","url":"https:\/\/gravityworks.eu\/","name":"GRAVITY WORKS: PROTECCIONES COLECTIVAS","description":"Instalaci\u00f3n de redes, protecciones colectivas, trabajos en alturas, redes deportivas, se\u00f1alizaci\u00f3n y balizamiento...","potentialAction":[{"@type":"SearchAction","target":{"@type":"EntryPoint","urlTemplate":"https:\/\/gravityworks.eu\/?s={search_term_string}"},"query-input":{"@type":"PropertyValueSpecification","valueRequired":true,"valueName":"search_term_string"}}],"inLanguage":"ca"}]}},"_links":{"self":[{"href":"https:\/\/gravityworks.eu\/ca\/wp-json\/wp\/v2\/pages\/735","targetHints":{"allow":["GET"]}}],"collection":[{"href":"https:\/\/gravityworks.eu\/ca\/wp-json\/wp\/v2\/pages"}],"about":[{"href":"https:\/\/gravityworks.eu\/ca\/wp-json\/wp\/v2\/types\/page"}],"author":[{"embeddable":true,"href":"https:\/\/gravityworks.eu\/ca\/wp-json\/wp\/v2\/users\/1"}],"replies":[{"embeddable":true,"href":"https:\/\/gravityworks.eu\/ca\/wp-json\/wp\/v2\/comments?post=735"}],"version-history":[{"count":8,"href":"https:\/\/gravityworks.eu\/ca\/wp-json\/wp\/v2\/pages\/735\/revisions"}],"predecessor-version":[{"id":1437,"href":"https:\/\/gravityworks.eu\/ca\/wp-json\/wp\/v2\/pages\/735\/revisions\/1437"}],"up":[{"embeddable":true,"href":"https:\/\/gravityworks.eu\/ca\/wp-json\/wp\/v2\/pages\/645"}],"wp:attachment":[{"href":"https:\/\/gravityworks.eu\/ca\/wp-json\/wp\/v2\/media?parent=735"}],"curies":[{"name":"wp","href":"https:\/\/api.w.org\/{rel}","templated":true}]}}