{"id":983,"date":"2022-02-18T11:01:34","date_gmt":"2022-02-18T11:01:34","guid":{"rendered":"http:\/\/gravityworks.cursowebonline.es\/?page_id=983"},"modified":"2025-01-16T11:27:54","modified_gmt":"2025-01-16T11:27:54","slug":"treballs-verticals-girona","status":"publish","type":"page","link":"https:\/\/gravityworks.eu\/ca\/serveis\/treballs-verticals\/treballs-verticals-girona\/","title":{"rendered":"Treballs verticals Girona"},"content":{"rendered":"<div class=\"wpb-content-wrapper\"><p>[vc_row bg_type=&#8221;image&#8221; bg_image_new=&#8221;61&#8243; bg_override=&#8221;ex-full&#8221;][vc_column]<div class=\"boc_spacing \" style=\"height: 32px\"><\/div>[vc_row_inner gap=&#8221;35&#8243;][vc_column_inner width=&#8221;1\/2&#8243; css=&#8221;.vc_custom_1616568361864{border-top-width: 1px !important;border-right-width: 1px !important;border-bottom-width: 1px !important;border-left-width: 1px !important;padding-top: 20px !important;padding-right: 20px !important;padding-bottom: 20px !important;padding-left: 20px !important;background-color: rgba(255,255,255,0.86) !important;*background-color: rgb(255,255,255) !important;border-left-color: #000000 !important;border-left-style: solid !important;border-right-color: #000000 !important;border-right-style: solid !important;border-top-color: #000000 !important;border-top-style: solid !important;border-bottom-color: #000000 !important;border-bottom-style: solid !important;border-radius: 10px !important;}&#8221;][vc_column_text]<\/p>\n<h1>Treballs verticals Girona<\/h1>\n<h2>GRAVITY WORKS \u2013 Treballs en altures a tota Catalunya (Girona, Barcelona, Tarragona, Lleida\u2026) 931 377 643<\/h2>\n<p>[\/vc_column_text]<a\thref=\"https:\/\/web.whatsapp.com\/send?phone=34622472869&#038;text=%C2%A1Hola!%20Me%20gustar%C3%ADa%20obtener%20m%C3%A1s%20informaci%C3%B3n%20sobre%20vuestros%20servicios.\" \n\t\t\t\tclass=\"button btn_medium btn_green btn_rounded btn_normal_style    \"  target='_blank'><span>Contacte per Whatsapp<\/span><\/a>[\/vc_column_inner][vc_column_inner width=&#8221;1\/2&#8243; css=&#8221;.vc_custom_1616568285658{border-top-width: 1px !important;border-right-width: 1px !important;border-bottom-width: 1px !important;border-left-width: 1px !important;padding-top: 20px !important;padding-right: 20px !important;padding-bottom: 20px !important;padding-left: 20px !important;background-color: rgba(255,255,255,0.86) !important;*background-color: rgb(255,255,255) !important;border-left-color: #000000 !important;border-left-style: solid !important;border-right-color: #000000 !important;border-right-style: solid !important;border-top-color: #000000 !important;border-top-style: solid !important;border-bottom-color: #000000 !important;border-bottom-style: solid !important;border-radius: 10px !important;}&#8221;][vc_column_text]<\/p>\n<h2>Formulari de contacte<\/h2>\n<p>[\/vc_column_text]\n<div class=\"wpcf7 no-js\" id=\"wpcf7-f822-o1\" lang=\"es-ES\" dir=\"ltr\" data-wpcf7-id=\"822\">\n<div class=\"screen-reader-response\"><p role=\"status\" aria-live=\"polite\" aria-atomic=\"true\"><\/p> <ul><\/ul><\/div>\n<form action=\"\/ca\/wp-json\/wp\/v2\/pages\/983#wpcf7-f822-o1\" method=\"post\" class=\"wpcf7-form init\" aria-label=\"Formulario de contacto\" novalidate=\"novalidate\" data-status=\"init\">\n<fieldset class=\"hidden-fields-container\"><input type=\"hidden\" name=\"_wpcf7\" value=\"822\" \/><input type=\"hidden\" name=\"_wpcf7_version\" value=\"6.1.5\" \/><input type=\"hidden\" name=\"_wpcf7_locale\" value=\"es_ES\" \/><input type=\"hidden\" name=\"_wpcf7_unit_tag\" value=\"wpcf7-f822-o1\" \/><input type=\"hidden\" name=\"_wpcf7_container_post\" value=\"0\" \/><input type=\"hidden\" name=\"_wpcf7_posted_data_hash\" value=\"\" \/><input type=\"hidden\" name=\"_wpcf7_recaptcha_response\" value=\"\" \/>\n<\/fieldset>\n<p><label> Nom<br \/>\n<span class=\"wpcf7-form-control-wrap\" data-name=\"your-name\"><input size=\"40\" maxlength=\"400\" class=\"wpcf7-form-control wpcf7-text wpcf7-validates-as-required\" aria-required=\"true\" aria-invalid=\"false\" value=\"\" type=\"text\" name=\"your-name\" \/><\/span> <\/label>\n<\/p>\n<p><label> Correu electr\u00f2nic<br \/>\n<span class=\"wpcf7-form-control-wrap\" data-name=\"your-email\"><input size=\"40\" maxlength=\"400\" class=\"wpcf7-form-control wpcf7-email wpcf7-validates-as-required wpcf7-text wpcf7-validates-as-email\" aria-required=\"true\" aria-invalid=\"false\" value=\"\" type=\"email\" name=\"your-email\" \/><\/span> <\/label>\n<\/p>\n<p><label> Tel\u00e8fon<br \/>\n<span class=\"wpcf7-form-control-wrap\" data-name=\"tel-416\"><input size=\"40\" maxlength=\"400\" class=\"wpcf7-form-control wpcf7-tel wpcf7-validates-as-required wpcf7-text wpcf7-validates-as-tel\" aria-required=\"true\" aria-invalid=\"false\" value=\"\" type=\"tel\" name=\"tel-416\" \/><\/span><br \/>\n<\/label>\n<\/p>\n<p><label> Missatge<br \/>\n<span class=\"wpcf7-form-control-wrap\" data-name=\"your-message\"><textarea cols=\"40\" rows=\"10\" maxlength=\"2000\" class=\"wpcf7-form-control wpcf7-textarea\" aria-invalid=\"false\" name=\"your-message\"><\/textarea><\/span> <\/label>\n<\/p>\n<span class=\"wpcf7-form-control-wrap recaptcha\" data-name=\"recaptcha\"><span data-sitekey=\"6Ldg140gAAAAAM86VR8_9OFI2637HC1G8EuK1ffN\" class=\"wpcf7-form-control wpcf7-recaptcha g-recaptcha\"><\/span>\r\n<noscript>\r\n\t<div class=\"grecaptcha-noscript\">\r\n\t\t<iframe loading=\"lazy\" src=\"https:\/\/www.google.com\/recaptcha\/api\/fallback?k=6Ldg140gAAAAAM86VR8_9OFI2637HC1G8EuK1ffN\" frameborder=\"0\" scrolling=\"no\" width=\"310\" height=\"430\">\r\n\t\t<\/iframe>\r\n\t\t<textarea name=\"g-recaptcha-response\" rows=\"3\" cols=\"40\" placeholder=\"Aqu\u00ed la respuesta de reCAPTCHA\">\r\n\t\t<\/textarea>\r\n\t<\/div>\r\n<\/noscript>\r\n<\/span>\n<p><span class=\"wpcf7-form-control-wrap\" data-name=\"checkbox-543\"><span class=\"wpcf7-form-control wpcf7-checkbox wpcf7-validates-as-required\"><span class=\"wpcf7-list-item first last\"><input type=\"checkbox\" name=\"checkbox-543[]\" value=\"He llegit i accepto l&#039;\" \/><span class=\"wpcf7-list-item-label\">He llegit i accepto l&#039;<\/span><\/span><\/span><\/span><a href=\"\/aviso-legal\/\">av\u00eds legal.<\/a>\n<\/p>\n<p><span class=\"wpcf7-form-control-wrap\" data-name=\"checkbox-5432\"><span class=\"wpcf7-form-control wpcf7-checkbox wpcf7-validates-as-required\"><span class=\"wpcf7-list-item first last\"><input type=\"checkbox\" name=\"checkbox-5432[]\" value=\"Accepto l&#039;enviament d&#039;informaci\u00f3.\" \/><span class=\"wpcf7-list-item-label\">Accepto l&#039;enviament d&#039;informaci\u00f3.<\/span><\/span><\/span><\/span>\n<\/p>\n<p><input class=\"wpcf7-form-control wpcf7-submit has-spinner\" type=\"submit\" value=\"Enviar\" \/>\n<\/p><div class=\"wpcf7-response-output\" aria-hidden=\"true\"><\/div>\n<\/form>\n<\/div>\n[\/vc_column_inner][\/vc_row_inner]<div class=\"boc_spacing \" style=\"height: 32px\"><\/div>[\/vc_column][\/vc_row][vc_row][vc_column]<div class=\"boc_spacing \" style=\"height: 32px\"><\/div>[vc_column_text]<\/p>\n<p style=\"text-align: justify;\"><strong><img loading=\"lazy\" decoding=\"async\" class=\" wp-image-64 alignleft\" src=\"\/wp-content\/uploads\/2021\/08\/proteccion_fachada3.jpg\" alt=\"\" width=\"219\" height=\"388\" \/><\/strong><strong>Gravity Works<\/strong> \u00e9s la vostra empresa de confian\u00e7a a <strong>Girona<\/strong>, on volem ajudar-vos a donar resposta a la protecci\u00f3 i seguretat en obres. Professional, de confian\u00e7a i completament compromesa amb la delicada labor que realitzem en <strong>treballs verticals<\/strong> per a edificacions, obra civil i tot tipus de rehabilitacions, amb la missi\u00f3 de cobrir la seguretat de totes aquelles persones que es veuen involucrades en el desenvolupament d&#8217;una obra, en <strong>Gravity Works<\/strong> vetllem per la integritat dels treballadors i tamb\u00e9 de la gent del carrer, amb m\u00faltiples serveis de qualitat.Empresa especialitzada en la protecci\u00f3 i la seguretat de qualsevol mena d&#8217;obra, reforma o rehabilitaci\u00f3; nascuda l&#8217;any 2014 i formada per professionals en <strong>treballs verticals<\/strong> amb m\u00e9s de 20 anys d&#8217;experi\u00e8ncia en el sector; <strong>Gravity Works<\/strong> ve a respondre a les necessitats de petites i grans empreses del m\u00f3n de la construcci\u00f3, aix\u00ed com a tots aquells col\u00b7lectius, o particulars, que requereixin dels nostres serveis i especialitzaci\u00f3 en <strong>treballs verticals<\/strong> a la prov\u00edncia de <strong>Girona<\/strong>.<\/p>\n<p style=\"text-align: justify;\">Composta per t\u00e8cnics experts en <strong>treballs verticals<\/strong> d&#8217;una de les empreses pioneres en seguretat col\u00b7lectiva del pa\u00eds; <strong>Gravity Works<\/strong>, ve a respondre a les necessitats de totes aquelles empreses que requereixin de la contractaci\u00f3 de qualsevol dels nostres serveis (<strong>seguretat en edificacions, senyalitzaci\u00f3 i abalisament <\/strong>de tota mena,<strong> seguretat en obra civil, instal\u00b7laci\u00f3 de xarxes esportives<\/strong>\u2026) amb les garanties de fer-ho sota el desenvolupament d&#8217;un treball de qualitat en la seguretat de la seva obra.<\/p>\n<p style=\"text-align: justify;\"><strong><img loading=\"lazy\" decoding=\"async\" class=\"wp-image-65 alignright\" src=\"\/wp-content\/uploads\/2021\/10\/Trabajos-verticales.jpg\" alt=\"\" width=\"245\" height=\"327\" \/><\/strong><\/p>\n<p style=\"text-align: justify;\">La protecci\u00f3 i la seguretat en qualsevol obra, rehabilitaci\u00f3 o reforma, \u00e9s vital i de car\u00e0cter indiscutible. All\u00f2 que est\u00e0 en joc s\u00f3n les vides de moltes persones que no tenen per qu\u00e8 veure finalitzada la seva exist\u00e8ncia davant una falta moral i l\u00f2gica. En <strong>Gravity Works, <\/strong>en la protecci\u00f3 de qualsevol obra, vetllem per evitar la successi\u00f3 de factors negatius, desencadenants d&#8217;accidents i revessos que puguin perjudicar el degut desenvolupament de la comesa que tenim per davant, per aquesta ra\u00f3, gaudir de protecci\u00f3 i seguretat, \u00e9s gaudir de vida.<\/p>\n<p style=\"text-align: justify;\">En <strong>treballs verticals<\/strong>, <strong>Gravity Works<\/strong> us ofereix respostes i ajuda de qualitat, de la m\u00e0 dels millors professionals per a garantir aquesta protecci\u00f3 i seguretat, a <strong>Girona<\/strong> i la resta del territori, aix\u00ed com a nivell internacional.<\/p>\n<p style=\"text-align: justify;\">Per a la protecci\u00f3 de tota obra, en <strong>Gravity Works<\/strong> volem assegurar-vos l&#8217;aptitud d&#8217;un servei professional i meticul\u00f3s per part de tots els t\u00e8cnics i operaris experts en <strong>treballs verticals <\/strong>i el comprom\u00eds, la responsabilitat i el lliurament que corre per les seves venes per a exercir la seva comesa com cal, necessari i indispensable.<\/p>\n<p style=\"text-align: justify;\">La nostra filosofia se sustenta a protegir i salvar vides, reduir els accidents i els riscos als quals es poden inquirir amb ells. Amb la deguda protecci\u00f3 en la realitzaci\u00f3 d&#8217;aquests <strong>treballs verticals<\/strong>, tot aix\u00f2 \u00e9s evitable.<\/p>\n<p style=\"text-align: justify;\">Si voleu dur a terme qualsevol tipus d&#8217;obra, reforma o rehabilitaci\u00f3, i necessiteu d&#8217;un equip hum\u00e0, absolutament format i qualificat per a fer la tasca a <strong>Girona<\/strong>; en <strong>Gravity Works<\/strong> heu trobat la vostra empresa de confian\u00e7a. Responem i cobrim amb \u00e8xit les necessitats i exig\u00e8ncies dels nostres clients, amb un treball de qualitat merament correspost, i gaudim d&#8217;una activitat que ens porta a afrontar un nou despertar.<\/p>\n<p>[\/vc_column_text]<div class=\"boc_spacing \" style=\"height: 32px\"><\/div>[\/vc_column][\/vc_row][vc_row][vc_column]<div class=\"boc_spacing \" style=\"height: 35px\"><\/div>[\/vc_column][\/vc_row]<\/p>\n<\/div>","protected":false},"excerpt":{"rendered":"<p>[vc_row bg_type=&#8221;image&#8221; bg_image_new=&#8221;61&#8243; bg_override=&#8221;ex-full&#8221;][vc_column][vc_row_inner gap=&#8221;35&#8243;][vc_column_inner width=&#8221;1\/2&#8243; css=&#8221;.vc_custom_1616568361864{border-top-width: 1px !important;border-right-width: 1px !important;border-bottom-width: 1px !important;border-left-width: 1px !important;padding-top: 20px !important;padding-right: 20px !important;padding-bottom: 20px !important;padding-left: 20px !important;background-color: rgba(255,255,255,0.86) !important;*background-color: rgb(255,255,255) !important;border-left-color: #000000 !important;border-left-style: solid !important;border-right-color: #000000 !important;border-right-style: solid !important;border-top-color: #000000 !important;border-top-style: solid !important;border-bottom-color: #000000 !important;border-bottom-style: solid !important;border-radius: 10px !important;}&#8221;][vc_column_text] Treballs verticals Girona GRAVITY WORKS \u2013 Treballs en altures a tota Catalunya (Girona, Barcelona, Tarragona,<\/p>\n<div class=\"h10\"><\/div>\n<p><a class=\"more-link1\" href=\"https:\/\/gravityworks.eu\/ca\/serveis\/treballs-verticals\/treballs-verticals-girona\/\">Read more<\/a><\/p>\n","protected":false},"author":1,"featured_media":0,"parent":698,"menu_order":0,"comment_status":"closed","ping_status":"closed","template":"","meta":{"footnotes":""},"class_list":["post-983","page","type-page","status-publish","hentry"],"yoast_head":"<!-- This site is optimized with the Yoast SEO plugin v27.0 - https:\/\/yoast.com\/product\/yoast-seo-wordpress\/ -->\n<title>Treballs verticals Girona - GRAVITY WORKS: PROTECCIONES COLECTIVAS<\/title>\n<meta name=\"robots\" content=\"index, follow, max-snippet:-1, max-image-preview:large, max-video-preview:-1\" \/>\n<link rel=\"canonical\" href=\"https:\/\/gravityworks.eu\/ca\/serveis\/treballs-verticals\/treballs-verticals-girona\/\" \/>\n<meta property=\"og:locale\" content=\"ca_ES\" \/>\n<meta property=\"og:type\" content=\"article\" \/>\n<meta property=\"og:title\" content=\"Treballs verticals Girona - GRAVITY WORKS: PROTECCIONES COLECTIVAS\" \/>\n<meta property=\"og:description\" content=\"[vc_row bg_type=&#8221;image&#8221; bg_image_new=&#8221;61&#8243; bg_override=&#8221;ex-full&#8221;][vc_column][vc_row_inner gap=&#8221;35&#8243;][vc_column_inner width=&#8221;1\/2&#8243; css=&#8221;.vc_custom_1616568361864{border-top-width: 1px !important;border-right-width: 1px !important;border-bottom-width: 1px !important;border-left-width: 1px !important;padding-top: 20px !important;padding-right: 20px !important;padding-bottom: 20px !important;padding-left: 20px !important;background-color: rgba(255,255,255,0.86) !important;*background-color: rgb(255,255,255) !important;border-left-color: #000000 !important;border-left-style: solid !important;border-right-color: #000000 !important;border-right-style: solid !important;border-top-color: #000000 !important;border-top-style: solid !important;border-bottom-color: #000000 !important;border-bottom-style: solid !important;border-radius: 10px !important;}&#8221;][vc_column_text] Treballs verticals Girona GRAVITY WORKS \u2013 Treballs en altures a tota Catalunya (Girona, Barcelona, Tarragona,Read more\" \/>\n<meta property=\"og:url\" content=\"https:\/\/gravityworks.eu\/ca\/serveis\/treballs-verticals\/treballs-verticals-girona\/\" \/>\n<meta property=\"og:site_name\" content=\"GRAVITY WORKS: PROTECCIONES COLECTIVAS\" \/>\n<meta property=\"article:modified_time\" content=\"2025-01-16T11:27:54+00:00\" \/>\n<meta name=\"twitter:card\" content=\"summary_large_image\" \/>\n<meta name=\"twitter:label1\" content=\"Temps estimat de lectura\" \/>\n\t<meta name=\"twitter:data1\" content=\"4 minuts\" \/>\n<script type=\"application\/ld+json\" class=\"yoast-schema-graph\">{\"@context\":\"https:\/\/schema.org\",\"@graph\":[{\"@type\":\"WebPage\",\"@id\":\"https:\/\/gravityworks.eu\/ca\/serveis\/treballs-verticals\/treballs-verticals-girona\/\",\"url\":\"https:\/\/gravityworks.eu\/ca\/serveis\/treballs-verticals\/treballs-verticals-girona\/\",\"name\":\"Treballs verticals Girona - GRAVITY WORKS: PROTECCIONES COLECTIVAS\",\"isPartOf\":{\"@id\":\"https:\/\/gravityworks.eu\/#website\"},\"datePublished\":\"2022-02-18T11:01:34+00:00\",\"dateModified\":\"2025-01-16T11:27:54+00:00\",\"breadcrumb\":{\"@id\":\"https:\/\/gravityworks.eu\/ca\/serveis\/treballs-verticals\/treballs-verticals-girona\/#breadcrumb\"},\"inLanguage\":\"ca\",\"potentialAction\":[{\"@type\":\"ReadAction\",\"target\":[\"https:\/\/gravityworks.eu\/ca\/serveis\/treballs-verticals\/treballs-verticals-girona\/\"]}]},{\"@type\":\"BreadcrumbList\",\"@id\":\"https:\/\/gravityworks.eu\/ca\/serveis\/treballs-verticals\/treballs-verticals-girona\/#breadcrumb\",\"itemListElement\":[{\"@type\":\"ListItem\",\"position\":1,\"name\":\"Portada\",\"item\":\"https:\/\/gravityworks.eu\/ca\/\"},{\"@type\":\"ListItem\",\"position\":2,\"name\":\"Construcci\u00f3 i ind\u00fastria\",\"item\":\"https:\/\/gravityworks.eu\/ca\/serveis\/\"},{\"@type\":\"ListItem\",\"position\":3,\"name\":\"Treballs verticals\",\"item\":\"https:\/\/gravityworks.eu\/ca\/serveis\/treballs-verticals\/\"},{\"@type\":\"ListItem\",\"position\":4,\"name\":\"Treballs verticals Girona\"}]},{\"@type\":\"WebSite\",\"@id\":\"https:\/\/gravityworks.eu\/#website\",\"url\":\"https:\/\/gravityworks.eu\/\",\"name\":\"GRAVITY WORKS: PROTECCIONES COLECTIVAS\",\"description\":\"Instalaci\u00f3n de redes, protecciones colectivas, trabajos en alturas, redes deportivas, se\u00f1alizaci\u00f3n y balizamiento...\",\"potentialAction\":[{\"@type\":\"SearchAction\",\"target\":{\"@type\":\"EntryPoint\",\"urlTemplate\":\"https:\/\/gravityworks.eu\/?s={search_term_string}\"},\"query-input\":{\"@type\":\"PropertyValueSpecification\",\"valueRequired\":true,\"valueName\":\"search_term_string\"}}],\"inLanguage\":\"ca\"}]}<\/script>\n<!-- \/ Yoast SEO plugin. -->","yoast_head_json":{"title":"Treballs verticals Girona - GRAVITY WORKS: PROTECCIONES COLECTIVAS","robots":{"index":"index","follow":"follow","max-snippet":"max-snippet:-1","max-image-preview":"max-image-preview:large","max-video-preview":"max-video-preview:-1"},"canonical":"https:\/\/gravityworks.eu\/ca\/serveis\/treballs-verticals\/treballs-verticals-girona\/","og_locale":"ca_ES","og_type":"article","og_title":"Treballs verticals Girona - GRAVITY WORKS: PROTECCIONES COLECTIVAS","og_description":"[vc_row bg_type=&#8221;image&#8221; bg_image_new=&#8221;61&#8243; bg_override=&#8221;ex-full&#8221;][vc_column][vc_row_inner gap=&#8221;35&#8243;][vc_column_inner width=&#8221;1\/2&#8243; css=&#8221;.vc_custom_1616568361864{border-top-width: 1px !important;border-right-width: 1px !important;border-bottom-width: 1px !important;border-left-width: 1px !important;padding-top: 20px !important;padding-right: 20px !important;padding-bottom: 20px !important;padding-left: 20px !important;background-color: rgba(255,255,255,0.86) !important;*background-color: rgb(255,255,255) !important;border-left-color: #000000 !important;border-left-style: solid !important;border-right-color: #000000 !important;border-right-style: solid !important;border-top-color: #000000 !important;border-top-style: solid !important;border-bottom-color: #000000 !important;border-bottom-style: solid !important;border-radius: 10px !important;}&#8221;][vc_column_text] Treballs verticals Girona GRAVITY WORKS \u2013 Treballs en altures a tota Catalunya (Girona, Barcelona, Tarragona,Read more","og_url":"https:\/\/gravityworks.eu\/ca\/serveis\/treballs-verticals\/treballs-verticals-girona\/","og_site_name":"GRAVITY WORKS: PROTECCIONES COLECTIVAS","article_modified_time":"2025-01-16T11:27:54+00:00","twitter_card":"summary_large_image","twitter_misc":{"Temps estimat de lectura":"4 minuts"},"schema":{"@context":"https:\/\/schema.org","@graph":[{"@type":"WebPage","@id":"https:\/\/gravityworks.eu\/ca\/serveis\/treballs-verticals\/treballs-verticals-girona\/","url":"https:\/\/gravityworks.eu\/ca\/serveis\/treballs-verticals\/treballs-verticals-girona\/","name":"Treballs verticals Girona - GRAVITY WORKS: PROTECCIONES COLECTIVAS","isPartOf":{"@id":"https:\/\/gravityworks.eu\/#website"},"datePublished":"2022-02-18T11:01:34+00:00","dateModified":"2025-01-16T11:27:54+00:00","breadcrumb":{"@id":"https:\/\/gravityworks.eu\/ca\/serveis\/treballs-verticals\/treballs-verticals-girona\/#breadcrumb"},"inLanguage":"ca","potentialAction":[{"@type":"ReadAction","target":["https:\/\/gravityworks.eu\/ca\/serveis\/treballs-verticals\/treballs-verticals-girona\/"]}]},{"@type":"BreadcrumbList","@id":"https:\/\/gravityworks.eu\/ca\/serveis\/treballs-verticals\/treballs-verticals-girona\/#breadcrumb","itemListElement":[{"@type":"ListItem","position":1,"name":"Portada","item":"https:\/\/gravityworks.eu\/ca\/"},{"@type":"ListItem","position":2,"name":"Construcci\u00f3 i ind\u00fastria","item":"https:\/\/gravityworks.eu\/ca\/serveis\/"},{"@type":"ListItem","position":3,"name":"Treballs verticals","item":"https:\/\/gravityworks.eu\/ca\/serveis\/treballs-verticals\/"},{"@type":"ListItem","position":4,"name":"Treballs verticals Girona"}]},{"@type":"WebSite","@id":"https:\/\/gravityworks.eu\/#website","url":"https:\/\/gravityworks.eu\/","name":"GRAVITY WORKS: PROTECCIONES COLECTIVAS","description":"Instalaci\u00f3n de redes, protecciones colectivas, trabajos en alturas, redes deportivas, se\u00f1alizaci\u00f3n y balizamiento...","potentialAction":[{"@type":"SearchAction","target":{"@type":"EntryPoint","urlTemplate":"https:\/\/gravityworks.eu\/?s={search_term_string}"},"query-input":{"@type":"PropertyValueSpecification","valueRequired":true,"valueName":"search_term_string"}}],"inLanguage":"ca"}]}},"_links":{"self":[{"href":"https:\/\/gravityworks.eu\/ca\/wp-json\/wp\/v2\/pages\/983","targetHints":{"allow":["GET"]}}],"collection":[{"href":"https:\/\/gravityworks.eu\/ca\/wp-json\/wp\/v2\/pages"}],"about":[{"href":"https:\/\/gravityworks.eu\/ca\/wp-json\/wp\/v2\/types\/page"}],"author":[{"embeddable":true,"href":"https:\/\/gravityworks.eu\/ca\/wp-json\/wp\/v2\/users\/1"}],"replies":[{"embeddable":true,"href":"https:\/\/gravityworks.eu\/ca\/wp-json\/wp\/v2\/comments?post=983"}],"version-history":[{"count":4,"href":"https:\/\/gravityworks.eu\/ca\/wp-json\/wp\/v2\/pages\/983\/revisions"}],"predecessor-version":[{"id":1423,"href":"https:\/\/gravityworks.eu\/ca\/wp-json\/wp\/v2\/pages\/983\/revisions\/1423"}],"up":[{"embeddable":true,"href":"https:\/\/gravityworks.eu\/ca\/wp-json\/wp\/v2\/pages\/698"}],"wp:attachment":[{"href":"https:\/\/gravityworks.eu\/ca\/wp-json\/wp\/v2\/media?parent=983"}],"curies":[{"name":"wp","href":"https:\/\/api.w.org\/{rel}","templated":true}]}}