{"id":994,"date":"2022-02-18T11:36:28","date_gmt":"2022-02-18T11:36:28","guid":{"rendered":"http:\/\/gravityworks.cursowebonline.es\/?page_id=994"},"modified":"2022-02-18T11:36:28","modified_gmt":"2022-02-18T11:36:28","slug":"senyalitzacio-i-abalisament-lleida","status":"publish","type":"page","link":"https:\/\/gravityworks.eu\/ca\/serveis\/senyalitzacio-i-abalisament\/senyalitzacio-i-abalisament-lleida\/","title":{"rendered":"Senyalitzaci\u00f3 i abalisament Lleida"},"content":{"rendered":"<div class=\"wpb-content-wrapper\"><p>[vc_row bg_type=&#8221;image&#8221; bg_image_new=&#8221;421&#8243; bg_override=&#8221;ex-full&#8221;][vc_column]<div class=\"boc_spacing \" style=\"height: 32px\"><\/div>[vc_row_inner gap=&#8221;35&#8243;][vc_column_inner width=&#8221;1\/2&#8243; css=&#8221;.vc_custom_1616568361864{border-top-width: 1px !important;border-right-width: 1px !important;border-bottom-width: 1px !important;border-left-width: 1px !important;padding-top: 20px !important;padding-right: 20px !important;padding-bottom: 20px !important;padding-left: 20px !important;background-color: rgba(255,255,255,0.86) !important;*background-color: rgb(255,255,255) !important;border-left-color: #000000 !important;border-left-style: solid !important;border-right-color: #000000 !important;border-right-style: solid !important;border-top-color: #000000 !important;border-top-style: solid !important;border-bottom-color: #000000 !important;border-bottom-style: solid !important;border-radius: 10px !important;}&#8221;][vc_column_text]<\/p>\n<h1>Senyalitzaci\u00f3 i abalisament Lleida<\/h1>\n<h2>GRAVITY WORKS \u2013 Proteccions col\u00b7lectives per a tota Catalunya (Girona, Barcelona, Tarragona, Lleida\u2026) 93 712 6745<\/h2>\n<p>[\/vc_column_text]<a\thref=\"https:\/\/web.whatsapp.com\/send?phone=34622472869&#038;text=%C2%A1Hola!%20Me%20gustar%C3%ADa%20obtener%20m%C3%A1s%20informaci%C3%B3n%20sobre%20vuestros%20servicios.\" \n\t\t\t\tclass=\"button btn_medium btn_green btn_rounded btn_normal_style    \"  target='_blank'><span>Contacte per Whatsapp<\/span><\/a>[\/vc_column_inner][vc_column_inner width=&#8221;1\/2&#8243; css=&#8221;.vc_custom_1616568285658{border-top-width: 1px !important;border-right-width: 1px !important;border-bottom-width: 1px !important;border-left-width: 1px !important;padding-top: 20px !important;padding-right: 20px !important;padding-bottom: 20px !important;padding-left: 20px !important;background-color: rgba(255,255,255,0.86) !important;*background-color: rgb(255,255,255) !important;border-left-color: #000000 !important;border-left-style: solid !important;border-right-color: #000000 !important;border-right-style: solid !important;border-top-color: #000000 !important;border-top-style: solid !important;border-bottom-color: #000000 !important;border-bottom-style: solid !important;border-radius: 10px !important;}&#8221;][vc_column_text]<\/p>\n<h2>Formulari de contacte<\/h2>\n<p>[\/vc_column_text]\n<div class=\"wpcf7 no-js\" id=\"wpcf7-f822-o1\" lang=\"es-ES\" dir=\"ltr\" data-wpcf7-id=\"822\">\n<div class=\"screen-reader-response\"><p role=\"status\" aria-live=\"polite\" aria-atomic=\"true\"><\/p> <ul><\/ul><\/div>\n<form action=\"\/ca\/wp-json\/wp\/v2\/pages\/994#wpcf7-f822-o1\" method=\"post\" class=\"wpcf7-form init\" aria-label=\"Formulario de contacto\" novalidate=\"novalidate\" data-status=\"init\">\n<fieldset class=\"hidden-fields-container\"><input type=\"hidden\" name=\"_wpcf7\" value=\"822\" \/><input type=\"hidden\" name=\"_wpcf7_version\" value=\"6.1.5\" \/><input type=\"hidden\" name=\"_wpcf7_locale\" value=\"es_ES\" \/><input type=\"hidden\" name=\"_wpcf7_unit_tag\" value=\"wpcf7-f822-o1\" \/><input type=\"hidden\" name=\"_wpcf7_container_post\" value=\"0\" \/><input type=\"hidden\" name=\"_wpcf7_posted_data_hash\" value=\"\" \/><input type=\"hidden\" name=\"_wpcf7_recaptcha_response\" value=\"\" \/>\n<\/fieldset>\n<p><label> Nom<br \/>\n<span class=\"wpcf7-form-control-wrap\" data-name=\"your-name\"><input size=\"40\" maxlength=\"400\" class=\"wpcf7-form-control wpcf7-text wpcf7-validates-as-required\" aria-required=\"true\" aria-invalid=\"false\" value=\"\" type=\"text\" name=\"your-name\" \/><\/span> <\/label>\n<\/p>\n<p><label> Correu electr\u00f2nic<br \/>\n<span class=\"wpcf7-form-control-wrap\" data-name=\"your-email\"><input size=\"40\" maxlength=\"400\" class=\"wpcf7-form-control wpcf7-email wpcf7-validates-as-required wpcf7-text wpcf7-validates-as-email\" aria-required=\"true\" aria-invalid=\"false\" value=\"\" type=\"email\" name=\"your-email\" \/><\/span> <\/label>\n<\/p>\n<p><label> Tel\u00e8fon<br \/>\n<span class=\"wpcf7-form-control-wrap\" data-name=\"tel-416\"><input size=\"40\" maxlength=\"400\" class=\"wpcf7-form-control wpcf7-tel wpcf7-validates-as-required wpcf7-text wpcf7-validates-as-tel\" aria-required=\"true\" aria-invalid=\"false\" value=\"\" type=\"tel\" name=\"tel-416\" \/><\/span><br \/>\n<\/label>\n<\/p>\n<p><label> Missatge<br \/>\n<span class=\"wpcf7-form-control-wrap\" data-name=\"your-message\"><textarea cols=\"40\" rows=\"10\" maxlength=\"2000\" class=\"wpcf7-form-control wpcf7-textarea\" aria-invalid=\"false\" name=\"your-message\"><\/textarea><\/span> <\/label>\n<\/p>\n<span class=\"wpcf7-form-control-wrap recaptcha\" data-name=\"recaptcha\"><span data-sitekey=\"6Ldg140gAAAAAM86VR8_9OFI2637HC1G8EuK1ffN\" class=\"wpcf7-form-control wpcf7-recaptcha g-recaptcha\"><\/span>\r\n<noscript>\r\n\t<div class=\"grecaptcha-noscript\">\r\n\t\t<iframe loading=\"lazy\" src=\"https:\/\/www.google.com\/recaptcha\/api\/fallback?k=6Ldg140gAAAAAM86VR8_9OFI2637HC1G8EuK1ffN\" frameborder=\"0\" scrolling=\"no\" width=\"310\" height=\"430\">\r\n\t\t<\/iframe>\r\n\t\t<textarea name=\"g-recaptcha-response\" rows=\"3\" cols=\"40\" placeholder=\"Aqu\u00ed la respuesta de reCAPTCHA\">\r\n\t\t<\/textarea>\r\n\t<\/div>\r\n<\/noscript>\r\n<\/span>\n<p><span class=\"wpcf7-form-control-wrap\" data-name=\"checkbox-543\"><span class=\"wpcf7-form-control wpcf7-checkbox wpcf7-validates-as-required\"><span class=\"wpcf7-list-item first last\"><input type=\"checkbox\" name=\"checkbox-543[]\" value=\"He llegit i accepto l&#039;\" \/><span class=\"wpcf7-list-item-label\">He llegit i accepto l&#039;<\/span><\/span><\/span><\/span><a href=\"\/aviso-legal\/\">av\u00eds legal.<\/a>\n<\/p>\n<p><span class=\"wpcf7-form-control-wrap\" data-name=\"checkbox-5432\"><span class=\"wpcf7-form-control wpcf7-checkbox wpcf7-validates-as-required\"><span class=\"wpcf7-list-item first last\"><input type=\"checkbox\" name=\"checkbox-5432[]\" value=\"Accepto l&#039;enviament d&#039;informaci\u00f3.\" \/><span class=\"wpcf7-list-item-label\">Accepto l&#039;enviament d&#039;informaci\u00f3.<\/span><\/span><\/span><\/span>\n<\/p>\n<p><input class=\"wpcf7-form-control wpcf7-submit has-spinner\" type=\"submit\" value=\"Enviar\" \/>\n<\/p><div class=\"wpcf7-response-output\" aria-hidden=\"true\"><\/div>\n<\/form>\n<\/div>\n[\/vc_column_inner][\/vc_row_inner]<div class=\"boc_spacing \" style=\"height: 32px\"><\/div>[\/vc_column][\/vc_row][vc_row][vc_column]<div class=\"boc_spacing \" style=\"height: 32px\"><\/div>[vc_column_text]<\/p>\n<p style=\"text-align: justify;\"><strong><img loading=\"lazy\" decoding=\"async\" class=\" wp-image-64 alignleft\" src=\"\/wp-content\/uploads\/2021\/10\/construction-site-gcc656fff0_1280.jpg\" alt=\"\" width=\"219\" height=\"388\" \/><\/strong>Segurament, moltes vegades ens hem vist en la situaci\u00f3 d&#8217;eludir perills, gaireb\u00e9 de miracle, per no trobar-los degudament senyalitzats. En el desenvolupament de qualsevol mena d&#8217;obra, reforma o rehabilitaci\u00f3 aix\u00f2 \u00e9s indiscutible. La correcta <strong>senyalitzaci\u00f3 i abalisament<\/strong> de les adversitats que podem trobar-nos en aquest entorn, pot (per no assegurar) provocar accidents i tota classe d&#8217;infortunis, que en el seu degut moment i amb un simple gest, la major part d&#8217;ells, haguessin estat evitables amb la seva identificaci\u00f3 i advertiment.En <strong>Gravity Works<\/strong>, empresa especialitzada en la protecci\u00f3 i seguretat de qualsevol obra, reforma o rehabilitaci\u00f3, basant la filosofia del nostre saber fer en la prevenci\u00f3 d&#8217;accidents, volem presentar aquest servei en <strong>senyalitzaci\u00f3 i abalisament<\/strong> necessari per a prevenir, encara m\u00e9s, als propis treballadors i, sobretot, a la resta de persones alienes a la nostra activitat, per\u00f2 immiscides en ella de qualsevol forma, a <strong>Lleida<\/strong>.En el sector de la construcci\u00f3 i en el desenvolupament de tota mena d&#8217;obra, reforma o rehabilitaci\u00f3 amb car\u00e0cter privat o p\u00fablic, hi ha infinitat de perills i revessos dels quals advertir, per aix\u00f2 \u00e9s indiscutible i inq\u00fcestionable, la necessitat de disposar d&#8217;aquests elements de <strong>senyalitzaci\u00f3 i abalisament<\/strong> que poden oferir una soluci\u00f3 a totes les persones, durant l&#8217;acompliment del seu treball. En <strong>Gravity Works<\/strong>, empresa situada en la vallesana ciutat de Sabadell (Barcelona), per\u00f2 amb gran pres\u00e8ncia en capitals d&#8217;import\u00e0ncia com <strong>Lleida<\/strong>; l\u00f2gicament, creiem que \u00e9s indispensable que existeixi protecci\u00f3 en el desenvolupament de tal activitat (obres, reformes o rehabilitacions), per aix\u00f2, oferim aquest servei per a la contractaci\u00f3 i venda dels elements de <strong>senyalitzaci\u00f3 i abalisament <\/strong>i les mesures necess\u00e0ries que identifiquin, com a tal, els riscos i perills que existeixen i poden provocar situacions conflictives de perillositat.Gr\u00e0cies a l&#8217;aplicaci\u00f3 d&#8217;aquestes mesures apropiades, aconseguirem junts, la tranquil\u00b7litat de totes les persones que es veuen immiscides en l&#8217;obra (pr\u00f2pies i alienes), mitjan\u00e7ant el nostre servei de <strong>senyalitzaci\u00f3 i abalisament, <\/strong>de la m\u00e0 dels millors professionals i amb tota la confian\u00e7a d&#8217;una empresa de qualitat, <strong>Gravity Works<\/strong> a <strong>Lleida<\/strong>.<\/p>\n<p><strong><img loading=\"lazy\" decoding=\"async\" class=\"wp-image-65 alignright\" src=\"\/wp-content\/uploads\/2021\/10\/construction-site-gd314b85cb_1280.jpg\" alt=\"\" width=\"245\" height=\"327\" \/><\/strong><\/p>\n<p style=\"text-align: justify;\">La nostra filosofia se sustenta a protegir i salvar vides, reduir els accidents i els riscos als quals es poden inquirir amb ells. \u00c9s per aix\u00f2 que <strong>Gravity Works<\/strong> s&#8217;ha convertit en tot un referent entre les empreses per a la protecci\u00f3 i seguretat, com a empresa per a la contractaci\u00f3 i venda de tota mena d&#8217;avisos i elements de <strong>senyalitzaci\u00f3 i abalisament <\/strong>per a obres i altres perills a identificar, en tota la prov\u00edncia de <strong>Lleida<\/strong>.<\/p>\n<p style=\"text-align: justify;\">Si voleu dur a terme qualsevol tipus d&#8217;obra, reforma o rehabilitaci\u00f3, i necessiteu dels corresponents r\u00e8tols de <strong>senyalitzaci\u00f3 i abalisament <\/strong>per a advertir dels perills i exercir la tasca com cal, a <strong>Lleida<\/strong>; la vostra empresa de confian\u00e7a \u00e9s <strong>Gravity Works<\/strong>. Cobrim amb \u00e8xit les necessitats i exig\u00e8ncies en <strong>senyalitzaci\u00f3 i abalisament <\/strong>dels nostres clients, amb una contractaci\u00f3 i venda d&#8217;aquests merament corresposta, perqu\u00e8 pugueu dur a terme la vostra tasca constructiva, amb totals garanties.<\/p>\n<p>[\/vc_column_text]<div class=\"boc_spacing \" style=\"height: 32px\"><\/div>[\/vc_column][\/vc_row][vc_row][vc_column]<div class=\"boc_spacing \" style=\"height: 35px\"><\/div>[\/vc_column][\/vc_row]<\/p>\n<\/div>","protected":false},"excerpt":{"rendered":"<p>[vc_row bg_type=&#8221;image&#8221; bg_image_new=&#8221;421&#8243; bg_override=&#8221;ex-full&#8221;][vc_column][vc_row_inner gap=&#8221;35&#8243;][vc_column_inner width=&#8221;1\/2&#8243; css=&#8221;.vc_custom_1616568361864{border-top-width: 1px !important;border-right-width: 1px !important;border-bottom-width: 1px !important;border-left-width: 1px !important;padding-top: 20px !important;padding-right: 20px !important;padding-bottom: 20px !important;padding-left: 20px !important;background-color: rgba(255,255,255,0.86) !important;*background-color: rgb(255,255,255) !important;border-left-color: #000000 !important;border-left-style: solid !important;border-right-color: #000000 !important;border-right-style: solid !important;border-top-color: #000000 !important;border-top-style: solid !important;border-bottom-color: #000000 !important;border-bottom-style: solid !important;border-radius: 10px !important;}&#8221;][vc_column_text] Senyalitzaci\u00f3 i abalisament Lleida GRAVITY WORKS \u2013 Proteccions col\u00b7lectives per a tota Catalunya (Girona, Barcelona,<\/p>\n<div class=\"h10\"><\/div>\n<p><a class=\"more-link1\" href=\"https:\/\/gravityworks.eu\/ca\/serveis\/senyalitzacio-i-abalisament\/senyalitzacio-i-abalisament-lleida\/\">Read more<\/a><\/p>\n","protected":false},"author":1,"featured_media":0,"parent":996,"menu_order":0,"comment_status":"closed","ping_status":"closed","template":"","meta":{"footnotes":""},"class_list":["post-994","page","type-page","status-publish","hentry"],"yoast_head":"<!-- This site is optimized with the Yoast SEO plugin v27.0 - https:\/\/yoast.com\/product\/yoast-seo-wordpress\/ -->\n<title>Senyalitzaci\u00f3 i abalisament Lleida - GRAVITY WORKS: PROTECCIONES COLECTIVAS<\/title>\n<meta name=\"robots\" content=\"index, follow, max-snippet:-1, max-image-preview:large, max-video-preview:-1\" \/>\n<link rel=\"canonical\" href=\"https:\/\/gravityworks.eu\/ca\/serveis\/senyalitzacio-i-abalisament\/senyalitzacio-i-abalisament-lleida\/\" \/>\n<meta property=\"og:locale\" content=\"ca_ES\" \/>\n<meta property=\"og:type\" content=\"article\" \/>\n<meta property=\"og:title\" content=\"Senyalitzaci\u00f3 i abalisament Lleida - GRAVITY WORKS: PROTECCIONES COLECTIVAS\" \/>\n<meta property=\"og:description\" content=\"[vc_row bg_type=&#8221;image&#8221; bg_image_new=&#8221;421&#8243; bg_override=&#8221;ex-full&#8221;][vc_column][vc_row_inner gap=&#8221;35&#8243;][vc_column_inner width=&#8221;1\/2&#8243; css=&#8221;.vc_custom_1616568361864{border-top-width: 1px !important;border-right-width: 1px !important;border-bottom-width: 1px !important;border-left-width: 1px !important;padding-top: 20px !important;padding-right: 20px !important;padding-bottom: 20px !important;padding-left: 20px !important;background-color: rgba(255,255,255,0.86) !important;*background-color: rgb(255,255,255) !important;border-left-color: #000000 !important;border-left-style: solid !important;border-right-color: #000000 !important;border-right-style: solid !important;border-top-color: #000000 !important;border-top-style: solid !important;border-bottom-color: #000000 !important;border-bottom-style: solid !important;border-radius: 10px !important;}&#8221;][vc_column_text] Senyalitzaci\u00f3 i abalisament Lleida GRAVITY WORKS \u2013 Proteccions col\u00b7lectives per a tota Catalunya (Girona, Barcelona,Read more\" \/>\n<meta property=\"og:url\" content=\"https:\/\/gravityworks.eu\/ca\/serveis\/senyalitzacio-i-abalisament\/senyalitzacio-i-abalisament-lleida\/\" \/>\n<meta property=\"og:site_name\" content=\"GRAVITY WORKS: PROTECCIONES COLECTIVAS\" \/>\n<meta name=\"twitter:card\" content=\"summary_large_image\" \/>\n<meta name=\"twitter:label1\" content=\"Temps estimat de lectura\" \/>\n\t<meta name=\"twitter:data1\" content=\"4 minuts\" \/>\n<script type=\"application\/ld+json\" class=\"yoast-schema-graph\">{\"@context\":\"https:\/\/schema.org\",\"@graph\":[{\"@type\":\"WebPage\",\"@id\":\"https:\/\/gravityworks.eu\/ca\/serveis\/senyalitzacio-i-abalisament\/senyalitzacio-i-abalisament-lleida\/\",\"url\":\"https:\/\/gravityworks.eu\/ca\/serveis\/senyalitzacio-i-abalisament\/senyalitzacio-i-abalisament-lleida\/\",\"name\":\"Senyalitzaci\u00f3 i abalisament Lleida - GRAVITY WORKS: PROTECCIONES COLECTIVAS\",\"isPartOf\":{\"@id\":\"https:\/\/gravityworks.eu\/#website\"},\"datePublished\":\"2022-02-18T11:36:28+00:00\",\"breadcrumb\":{\"@id\":\"https:\/\/gravityworks.eu\/ca\/serveis\/senyalitzacio-i-abalisament\/senyalitzacio-i-abalisament-lleida\/#breadcrumb\"},\"inLanguage\":\"ca\",\"potentialAction\":[{\"@type\":\"ReadAction\",\"target\":[\"https:\/\/gravityworks.eu\/ca\/serveis\/senyalitzacio-i-abalisament\/senyalitzacio-i-abalisament-lleida\/\"]}]},{\"@type\":\"BreadcrumbList\",\"@id\":\"https:\/\/gravityworks.eu\/ca\/serveis\/senyalitzacio-i-abalisament\/senyalitzacio-i-abalisament-lleida\/#breadcrumb\",\"itemListElement\":[{\"@type\":\"ListItem\",\"position\":1,\"name\":\"Portada\",\"item\":\"https:\/\/gravityworks.eu\/ca\/\"},{\"@type\":\"ListItem\",\"position\":2,\"name\":\"Construcci\u00f3 i ind\u00fastria\",\"item\":\"https:\/\/gravityworks.eu\/ca\/serveis\/\"},{\"@type\":\"ListItem\",\"position\":3,\"name\":\"Senyalitzaci\u00f3 i abalisament\",\"item\":\"https:\/\/gravityworks.eu\/ca\/serveis\/senyalitzacio-i-abalisament\/\"},{\"@type\":\"ListItem\",\"position\":4,\"name\":\"Senyalitzaci\u00f3 i abalisament Lleida\"}]},{\"@type\":\"WebSite\",\"@id\":\"https:\/\/gravityworks.eu\/#website\",\"url\":\"https:\/\/gravityworks.eu\/\",\"name\":\"GRAVITY WORKS: PROTECCIONES COLECTIVAS\",\"description\":\"Instalaci\u00f3n de redes, protecciones colectivas, trabajos en alturas, redes deportivas, se\u00f1alizaci\u00f3n y balizamiento...\",\"potentialAction\":[{\"@type\":\"SearchAction\",\"target\":{\"@type\":\"EntryPoint\",\"urlTemplate\":\"https:\/\/gravityworks.eu\/?s={search_term_string}\"},\"query-input\":{\"@type\":\"PropertyValueSpecification\",\"valueRequired\":true,\"valueName\":\"search_term_string\"}}],\"inLanguage\":\"ca\"}]}<\/script>\n<!-- \/ Yoast SEO plugin. -->","yoast_head_json":{"title":"Senyalitzaci\u00f3 i abalisament Lleida - GRAVITY WORKS: PROTECCIONES COLECTIVAS","robots":{"index":"index","follow":"follow","max-snippet":"max-snippet:-1","max-image-preview":"max-image-preview:large","max-video-preview":"max-video-preview:-1"},"canonical":"https:\/\/gravityworks.eu\/ca\/serveis\/senyalitzacio-i-abalisament\/senyalitzacio-i-abalisament-lleida\/","og_locale":"ca_ES","og_type":"article","og_title":"Senyalitzaci\u00f3 i abalisament Lleida - GRAVITY WORKS: PROTECCIONES COLECTIVAS","og_description":"[vc_row bg_type=&#8221;image&#8221; bg_image_new=&#8221;421&#8243; bg_override=&#8221;ex-full&#8221;][vc_column][vc_row_inner gap=&#8221;35&#8243;][vc_column_inner width=&#8221;1\/2&#8243; css=&#8221;.vc_custom_1616568361864{border-top-width: 1px !important;border-right-width: 1px !important;border-bottom-width: 1px !important;border-left-width: 1px !important;padding-top: 20px !important;padding-right: 20px !important;padding-bottom: 20px !important;padding-left: 20px !important;background-color: rgba(255,255,255,0.86) !important;*background-color: rgb(255,255,255) !important;border-left-color: #000000 !important;border-left-style: solid !important;border-right-color: #000000 !important;border-right-style: solid !important;border-top-color: #000000 !important;border-top-style: solid !important;border-bottom-color: #000000 !important;border-bottom-style: solid !important;border-radius: 10px !important;}&#8221;][vc_column_text] Senyalitzaci\u00f3 i abalisament Lleida GRAVITY WORKS \u2013 Proteccions col\u00b7lectives per a tota Catalunya (Girona, Barcelona,Read more","og_url":"https:\/\/gravityworks.eu\/ca\/serveis\/senyalitzacio-i-abalisament\/senyalitzacio-i-abalisament-lleida\/","og_site_name":"GRAVITY WORKS: PROTECCIONES COLECTIVAS","twitter_card":"summary_large_image","twitter_misc":{"Temps estimat de lectura":"4 minuts"},"schema":{"@context":"https:\/\/schema.org","@graph":[{"@type":"WebPage","@id":"https:\/\/gravityworks.eu\/ca\/serveis\/senyalitzacio-i-abalisament\/senyalitzacio-i-abalisament-lleida\/","url":"https:\/\/gravityworks.eu\/ca\/serveis\/senyalitzacio-i-abalisament\/senyalitzacio-i-abalisament-lleida\/","name":"Senyalitzaci\u00f3 i abalisament Lleida - GRAVITY WORKS: PROTECCIONES COLECTIVAS","isPartOf":{"@id":"https:\/\/gravityworks.eu\/#website"},"datePublished":"2022-02-18T11:36:28+00:00","breadcrumb":{"@id":"https:\/\/gravityworks.eu\/ca\/serveis\/senyalitzacio-i-abalisament\/senyalitzacio-i-abalisament-lleida\/#breadcrumb"},"inLanguage":"ca","potentialAction":[{"@type":"ReadAction","target":["https:\/\/gravityworks.eu\/ca\/serveis\/senyalitzacio-i-abalisament\/senyalitzacio-i-abalisament-lleida\/"]}]},{"@type":"BreadcrumbList","@id":"https:\/\/gravityworks.eu\/ca\/serveis\/senyalitzacio-i-abalisament\/senyalitzacio-i-abalisament-lleida\/#breadcrumb","itemListElement":[{"@type":"ListItem","position":1,"name":"Portada","item":"https:\/\/gravityworks.eu\/ca\/"},{"@type":"ListItem","position":2,"name":"Construcci\u00f3 i ind\u00fastria","item":"https:\/\/gravityworks.eu\/ca\/serveis\/"},{"@type":"ListItem","position":3,"name":"Senyalitzaci\u00f3 i abalisament","item":"https:\/\/gravityworks.eu\/ca\/serveis\/senyalitzacio-i-abalisament\/"},{"@type":"ListItem","position":4,"name":"Senyalitzaci\u00f3 i abalisament Lleida"}]},{"@type":"WebSite","@id":"https:\/\/gravityworks.eu\/#website","url":"https:\/\/gravityworks.eu\/","name":"GRAVITY WORKS: PROTECCIONES COLECTIVAS","description":"Instalaci\u00f3n de redes, protecciones colectivas, trabajos en alturas, redes deportivas, se\u00f1alizaci\u00f3n y balizamiento...","potentialAction":[{"@type":"SearchAction","target":{"@type":"EntryPoint","urlTemplate":"https:\/\/gravityworks.eu\/?s={search_term_string}"},"query-input":{"@type":"PropertyValueSpecification","valueRequired":true,"valueName":"search_term_string"}}],"inLanguage":"ca"}]}},"_links":{"self":[{"href":"https:\/\/gravityworks.eu\/ca\/wp-json\/wp\/v2\/pages\/994","targetHints":{"allow":["GET"]}}],"collection":[{"href":"https:\/\/gravityworks.eu\/ca\/wp-json\/wp\/v2\/pages"}],"about":[{"href":"https:\/\/gravityworks.eu\/ca\/wp-json\/wp\/v2\/types\/page"}],"author":[{"embeddable":true,"href":"https:\/\/gravityworks.eu\/ca\/wp-json\/wp\/v2\/users\/1"}],"replies":[{"embeddable":true,"href":"https:\/\/gravityworks.eu\/ca\/wp-json\/wp\/v2\/comments?post=994"}],"version-history":[{"count":2,"href":"https:\/\/gravityworks.eu\/ca\/wp-json\/wp\/v2\/pages\/994\/revisions"}],"predecessor-version":[{"id":1003,"href":"https:\/\/gravityworks.eu\/ca\/wp-json\/wp\/v2\/pages\/994\/revisions\/1003"}],"up":[{"embeddable":true,"href":"https:\/\/gravityworks.eu\/ca\/wp-json\/wp\/v2\/pages\/996"}],"wp:attachment":[{"href":"https:\/\/gravityworks.eu\/ca\/wp-json\/wp\/v2\/media?parent=994"}],"curies":[{"name":"wp","href":"https:\/\/api.w.org\/{rel}","templated":true}]}}